{"id":20769,"date":"2025-05-05T18:32:32","date_gmt":"2025-05-05T18:32:32","guid":{"rendered":"https:\/\/yonderhillfarm.ca\/shop\/non%20class\u00e9\/la-merveille-des-quatre-saisons-la-laitue\/"},"modified":"2026-02-06T14:23:44","modified_gmt":"2026-02-06T18:23:44","slug":"la-merveille-des-quatre-saisons-la-laitue","status":"publish","type":"product","link":"https:\/\/yonderhillfarm.ca\/fr\/shop\/graines-legumes-cereales\/verts\/laitue\/la-merveille-des-quatre-saisons-la-laitue\/","title":{"rendered":"La merveille des quatre saisons : la laitue"},"content":{"rendered":"<p>Aussi connue sous le nom de Merveille des Quatre Saisons. Cette vari\u00e9t\u00e9 fran\u00e7aise ancienne est l&rsquo;une des laitues les plus r\u00e9sistantes au froid, id\u00e9ale pour les plantations d&rsquo;automne et l&rsquo;hivernage. La laitue Merveille des Quatre Saisons est \u00e9galement une vari\u00e9t\u00e9 formidable pour les plantations de printemps et d&rsquo;\u00e9t\u00e9 &#8211; elle porte vraiment bien son nom ! Ressemble \u00e0 de la romaine, avec des feuilles aux reflets rouges.   <\/p>\n<p><strong><em>Environ 100 graines par sachet. <\/em><\/strong><\/p>\n","protected":false},"excerpt":{"rendered":"<p>Aussi connue sous le nom de Merveille des Quatre Saisons. Cette vari\u00e9t\u00e9 fran\u00e7aise ancienne est l&rsquo;une des laitues les plus r\u00e9sistantes au froid, id\u00e9ale pour les plantations d&rsquo;automne et l&rsquo;hivernage. La laitue Merveille des Quatre Saisons est \u00e9galement une vari\u00e9t\u00e9 formidable pour les plantations de printemps et d&rsquo;\u00e9t\u00e9 &#8211; elle porte vraiment bien son nom [&hellip;]<\/p>\n","protected":false},"featured_media":20770,"comment_status":"closed","ping_status":"closed","template":"","meta":[],"product_brand":[],"product_cat":[212,207,208,176],"product_tag":[187],"class_list":{"0":"post-20769","1":"product","2":"type-product","3":"status-publish","4":"has-post-thumbnail","6":"product_cat-laitue","7":"product_cat-legumes-verts-resistants-au-froid","8":"product_cat-salades","9":"product_cat-varietes-anciennes","10":"product_tag-les-favoris-de-la-ferme","11":"product_shipping_class-graines","13":"first","14":"outofstock","15":"featured","16":"taxable","17":"shipping-taxable","18":"purchasable","19":"product-type-simple"},"_links":{"self":[{"href":"https:\/\/yonderhillfarm.ca\/fr\/wp-json\/wp\/v2\/product\/20769","targetHints":{"allow":["GET"]}}],"collection":[{"href":"https:\/\/yonderhillfarm.ca\/fr\/wp-json\/wp\/v2\/product"}],"about":[{"href":"https:\/\/yonderhillfarm.ca\/fr\/wp-json\/wp\/v2\/types\/product"}],"replies":[{"embeddable":true,"href":"https:\/\/yonderhillfarm.ca\/fr\/wp-json\/wp\/v2\/comments?post=20769"}],"wp:featuredmedia":[{"embeddable":true,"href":"https:\/\/yonderhillfarm.ca\/fr\/wp-json\/wp\/v2\/media\/20770"}],"wp:attachment":[{"href":"https:\/\/yonderhillfarm.ca\/fr\/wp-json\/wp\/v2\/media?parent=20769"}],"wp:term":[{"taxonomy":"product_brand","embeddable":true,"href":"https:\/\/yonderhillfarm.ca\/fr\/wp-json\/wp\/v2\/product_brand?post=20769"},{"taxonomy":"product_cat","embeddable":true,"href":"https:\/\/yonderhillfarm.ca\/fr\/wp-json\/wp\/v2\/product_cat?post=20769"},{"taxonomy":"product_tag","embeddable":true,"href":"https:\/\/yonderhillfarm.ca\/fr\/wp-json\/wp\/v2\/product_tag?post=20769"}],"curies":[{"name":"wp","href":"https:\/\/api.w.org\/{rel}","templated":true}]}}