{"id":20761,"date":"2025-05-05T18:32:33","date_gmt":"2025-05-05T18:32:33","guid":{"rendered":"https:\/\/yonderhillfarm.ca\/shop\/non%20class\u00e9\/laitue-ice-queen\/"},"modified":"2026-02-08T12:07:51","modified_gmt":"2026-02-08T16:07:51","slug":"laitue-ice-queen","status":"publish","type":"product","link":"https:\/\/yonderhillfarm.ca\/fr\/shop\/graines-legumes-cereales\/verts\/laitue\/laitue-ice-queen\/","title":{"rendered":"Laitue Ice Queen"},"content":{"rendered":"<p>Aussi connue sous le nom de Reine de Glace. La laitue Ice Queen est une magnifique mini-laitue iceberg, id\u00e9ale pour les salades et les sandwichs d&rsquo;\u00e9t\u00e9 croquants. On adore son croquant !  <\/p>\n<p><em><strong>Environ 50 graines par sachet. <\/strong><\/em><\/p>\n","protected":false},"excerpt":{"rendered":"<p>Aussi connue sous le nom de Reine de Glace. La laitue Ice Queen est une magnifique mini-laitue iceberg, id\u00e9ale pour les salades et les sandwichs d&rsquo;\u00e9t\u00e9 croquants. On adore son croquant ! Environ 50 graines par sachet.<\/p>\n","protected":false},"featured_media":20762,"comment_status":"closed","ping_status":"closed","template":"","meta":[],"product_brand":[],"product_cat":[212,208,176],"product_tag":[],"class_list":{"0":"post-20761","1":"product","2":"type-product","3":"status-publish","4":"has-post-thumbnail","6":"product_cat-laitue","7":"product_cat-salades","8":"product_cat-varietes-anciennes","9":"product_shipping_class-graines","11":"first","12":"instock","13":"taxable","14":"shipping-taxable","15":"purchasable","16":"product-type-simple"},"_links":{"self":[{"href":"https:\/\/yonderhillfarm.ca\/fr\/wp-json\/wp\/v2\/product\/20761","targetHints":{"allow":["GET"]}}],"collection":[{"href":"https:\/\/yonderhillfarm.ca\/fr\/wp-json\/wp\/v2\/product"}],"about":[{"href":"https:\/\/yonderhillfarm.ca\/fr\/wp-json\/wp\/v2\/types\/product"}],"replies":[{"embeddable":true,"href":"https:\/\/yonderhillfarm.ca\/fr\/wp-json\/wp\/v2\/comments?post=20761"}],"wp:featuredmedia":[{"embeddable":true,"href":"https:\/\/yonderhillfarm.ca\/fr\/wp-json\/wp\/v2\/media\/20762"}],"wp:attachment":[{"href":"https:\/\/yonderhillfarm.ca\/fr\/wp-json\/wp\/v2\/media?parent=20761"}],"wp:term":[{"taxonomy":"product_brand","embeddable":true,"href":"https:\/\/yonderhillfarm.ca\/fr\/wp-json\/wp\/v2\/product_brand?post=20761"},{"taxonomy":"product_cat","embeddable":true,"href":"https:\/\/yonderhillfarm.ca\/fr\/wp-json\/wp\/v2\/product_cat?post=20761"},{"taxonomy":"product_tag","embeddable":true,"href":"https:\/\/yonderhillfarm.ca\/fr\/wp-json\/wp\/v2\/product_tag?post=20761"}],"curies":[{"name":"wp","href":"https:\/\/api.w.org\/{rel}","templated":true}]}}