{"id":20760,"date":"2025-05-05T18:32:57","date_gmt":"2025-05-05T18:32:57","guid":{"rendered":"https:\/\/yonderhillfarm.ca\/shop\/non%20class\u00e9\/chou-frise-camden-de-beedy\/"},"modified":"2026-01-02T15:14:21","modified_gmt":"2026-01-02T19:14:21","slug":"chou-frise-camden-de-beedy","status":"publish","type":"product","link":"https:\/\/yonderhillfarm.ca\/fr\/shop\/graines-legumes-cereales\/verts\/chou-frise\/chou-frise-camden-de-beedy\/","title":{"rendered":"Chou fris\u00e9 Camden de Beedy"},"content":{"rendered":"<p>(<em>Brassica oleracea<\/em>) Le chou fris\u00e9 Camden de Beedy est un chou fris\u00e9 rustique originaire de la c\u00f4te du Maine, avec des feuilles fris\u00e9es vert fonc\u00e9 distinctives. Saveur exceptionnelle &#8211; douce en \u00e9t\u00e9 et tellement sucr\u00e9e apr\u00e8s quelques gel\u00e9es d&rsquo;automne. Hiverne de mani\u00e8re fiable dans notre climat maritime pour les r\u00e9coltes de printemps. Un favori de la ferme&nbsp;!   <\/p>\n<p><strong><em>Environ 100 graines par paquet ordinaire. <\/em><\/strong><\/p>\n<p><em><strong>Environ 1000 graines par paquet en vrac. <\/strong><\/em><\/p>\n","protected":false},"excerpt":{"rendered":"<p>(Brassica oleracea) Le chou fris\u00e9 Camden de Beedy est un chou fris\u00e9 rustique originaire de la c\u00f4te du Maine, avec des feuilles fris\u00e9es vert fonc\u00e9 distinctives. Saveur exceptionnelle &#8211; douce en \u00e9t\u00e9 et tellement sucr\u00e9e apr\u00e8s quelques gel\u00e9es d&rsquo;automne. Hiverne de mani\u00e8re fiable dans notre climat maritime pour les r\u00e9coltes de printemps. Un favori de [&hellip;]<\/p>\n","protected":false},"featured_media":20764,"comment_status":"closed","ping_status":"closed","template":"","meta":[],"product_brand":[],"product_cat":[232,137,207,208],"product_tag":[],"class_list":{"0":"post-20760","1":"product","2":"type-product","3":"status-publish","4":"has-post-thumbnail","6":"product_cat-chou-frise","7":"product_cat-graines-en-vrac","8":"product_cat-legumes-verts-resistants-au-froid","9":"product_cat-salades","10":"product_shipping_class-graines","12":"first","13":"instock","14":"taxable","15":"shipping-taxable","16":"purchasable","17":"product-type-variable"},"_links":{"self":[{"href":"https:\/\/yonderhillfarm.ca\/fr\/wp-json\/wp\/v2\/product\/20760","targetHints":{"allow":["GET"]}}],"collection":[{"href":"https:\/\/yonderhillfarm.ca\/fr\/wp-json\/wp\/v2\/product"}],"about":[{"href":"https:\/\/yonderhillfarm.ca\/fr\/wp-json\/wp\/v2\/types\/product"}],"replies":[{"embeddable":true,"href":"https:\/\/yonderhillfarm.ca\/fr\/wp-json\/wp\/v2\/comments?post=20760"}],"wp:featuredmedia":[{"embeddable":true,"href":"https:\/\/yonderhillfarm.ca\/fr\/wp-json\/wp\/v2\/media\/20764"}],"wp:attachment":[{"href":"https:\/\/yonderhillfarm.ca\/fr\/wp-json\/wp\/v2\/media?parent=20760"}],"wp:term":[{"taxonomy":"product_brand","embeddable":true,"href":"https:\/\/yonderhillfarm.ca\/fr\/wp-json\/wp\/v2\/product_brand?post=20760"},{"taxonomy":"product_cat","embeddable":true,"href":"https:\/\/yonderhillfarm.ca\/fr\/wp-json\/wp\/v2\/product_cat?post=20760"},{"taxonomy":"product_tag","embeddable":true,"href":"https:\/\/yonderhillfarm.ca\/fr\/wp-json\/wp\/v2\/product_tag?post=20760"}],"curies":[{"name":"wp","href":"https:\/\/api.w.org\/{rel}","templated":true}]}}