{"id":20748,"date":"2025-05-05T18:33:20","date_gmt":"2025-05-05T18:33:20","guid":{"rendered":"https:\/\/yonderhillfarm.ca\/shop\/non%20class\u00e9\/chou-frise-rouge-de-russie\/"},"modified":"2026-01-02T14:28:22","modified_gmt":"2026-01-02T18:28:22","slug":"chou-frise-rouge-de-russie","status":"publish","type":"product","link":"https:\/\/yonderhillfarm.ca\/fr\/shop\/graines-legumes-cereales\/verts\/chou-frise\/chou-frise-rouge-de-russie\/","title":{"rendered":"Chou fris\u00e9 rouge de Russie"},"content":{"rendered":"<p><em>(B. napus)<\/em> aussi connu sous le nom de chou kale rouge de Sib\u00e9rie. Tendre et doux, feuilles en forme de ch\u00eane, le chou kale rouge de Russie a des tiges rouge fonc\u00e9 gris-vert. L&rsquo;un des meilleurs pour les jeunes feuilles et charmant dans les salades. Nous avons travaill\u00e9 avec notre vari\u00e9t\u00e9 pour augmenter sa rusticit\u00e9 hivernale.   <\/p>\n<p><strong><em>Environ 100 graines par paquet ordinaire. <\/em><\/strong><\/p>\n<p><em><strong>Environ 1000 graines par paquet en vrac. <\/strong><\/em><\/p>\n","protected":false},"excerpt":{"rendered":"<p>(B. napus) aussi connu sous le nom de chou kale rouge de Sib\u00e9rie. Tendre et doux, feuilles en forme de ch\u00eane, le chou kale rouge de Russie a des tiges rouge fonc\u00e9 gris-vert. L&rsquo;un des meilleurs pour les jeunes feuilles et charmant dans les salades. Nous avons travaill\u00e9 avec notre vari\u00e9t\u00e9 pour augmenter sa rusticit\u00e9 [&hellip;]<\/p>\n","protected":false},"featured_media":20751,"comment_status":"closed","ping_status":"closed","template":"","meta":[],"product_brand":[],"product_cat":[232,137,207,208,176],"product_tag":[],"class_list":{"0":"post-20748","1":"product","2":"type-product","3":"status-publish","4":"has-post-thumbnail","6":"product_cat-chou-frise","7":"product_cat-graines-en-vrac","8":"product_cat-legumes-verts-resistants-au-froid","9":"product_cat-salades","10":"product_cat-varietes-anciennes","11":"product_shipping_class-graines","13":"first","14":"instock","15":"taxable","16":"shipping-taxable","17":"purchasable","18":"product-type-variable"},"_links":{"self":[{"href":"https:\/\/yonderhillfarm.ca\/fr\/wp-json\/wp\/v2\/product\/20748","targetHints":{"allow":["GET"]}}],"collection":[{"href":"https:\/\/yonderhillfarm.ca\/fr\/wp-json\/wp\/v2\/product"}],"about":[{"href":"https:\/\/yonderhillfarm.ca\/fr\/wp-json\/wp\/v2\/types\/product"}],"replies":[{"embeddable":true,"href":"https:\/\/yonderhillfarm.ca\/fr\/wp-json\/wp\/v2\/comments?post=20748"}],"wp:featuredmedia":[{"embeddable":true,"href":"https:\/\/yonderhillfarm.ca\/fr\/wp-json\/wp\/v2\/media\/20751"}],"wp:attachment":[{"href":"https:\/\/yonderhillfarm.ca\/fr\/wp-json\/wp\/v2\/media?parent=20748"}],"wp:term":[{"taxonomy":"product_brand","embeddable":true,"href":"https:\/\/yonderhillfarm.ca\/fr\/wp-json\/wp\/v2\/product_brand?post=20748"},{"taxonomy":"product_cat","embeddable":true,"href":"https:\/\/yonderhillfarm.ca\/fr\/wp-json\/wp\/v2\/product_cat?post=20748"},{"taxonomy":"product_tag","embeddable":true,"href":"https:\/\/yonderhillfarm.ca\/fr\/wp-json\/wp\/v2\/product_tag?post=20748"}],"curies":[{"name":"wp","href":"https:\/\/api.w.org\/{rel}","templated":true}]}}