{"id":20747,"date":"2025-05-05T18:32:33","date_gmt":"2025-05-05T18:32:33","guid":{"rendered":"https:\/\/yonderhillfarm.ca\/shop\/non%20class\u00e9\/mizuna\/"},"modified":"2026-01-02T15:22:24","modified_gmt":"2026-01-02T19:22:24","slug":"mizuna","status":"publish","type":"product","link":"https:\/\/yonderhillfarm.ca\/fr\/shop\/graines-legumes-cereales\/verts\/legumes-verts-resistants-au-froid\/mizuna\/","title":{"rendered":"Mizuna"},"content":{"rendered":"<p>Une salade verte incroyable ! La mizuna a des feuilles vertes, tendres et l\u00e9g\u00e8rement fris\u00e9es. Elles sont assez douces avec des tiges croquantes et constituent une excellente base pour les salades, surtout pendant les mois les plus froids, p\u00e9riode o\u00f9 la mizuna excelle vraiment. Une plante \u00e0 croissance rapide, parfaite pour les plantations d&rsquo;automne et les ch\u00e2ssis froids d&rsquo;hiver, elle prend \u00e9galement de l&rsquo;ampleur \u00e0 partir d&rsquo;une plantation au d\u00e9but du printemps ou au milieu de l&rsquo;\u00e9t\u00e9.   <\/p>\n<p><strong><em>Environ 200 graines par paquet. <\/em><\/strong><\/p>\n","protected":false},"excerpt":{"rendered":"<p>Une salade verte incroyable ! La mizuna a des feuilles vertes, tendres et l\u00e9g\u00e8rement fris\u00e9es. Elles sont assez douces avec des tiges croquantes et constituent une excellente base pour les salades, surtout pendant les mois les plus froids, p\u00e9riode o\u00f9 la mizuna excelle vraiment. Une plante \u00e0 croissance rapide, parfaite pour les plantations d&rsquo;automne et [&hellip;]<\/p>\n","protected":false},"featured_media":20749,"comment_status":"closed","ping_status":"closed","template":"","meta":[],"product_brand":[],"product_cat":[207,208,176],"product_tag":[],"class_list":{"0":"post-20747","1":"product","2":"type-product","3":"status-publish","4":"has-post-thumbnail","6":"product_cat-legumes-verts-resistants-au-froid","7":"product_cat-salades","8":"product_cat-varietes-anciennes","9":"product_shipping_class-graines","11":"first","12":"instock","13":"taxable","14":"shipping-taxable","15":"purchasable","16":"product-type-simple"},"_links":{"self":[{"href":"https:\/\/yonderhillfarm.ca\/fr\/wp-json\/wp\/v2\/product\/20747","targetHints":{"allow":["GET"]}}],"collection":[{"href":"https:\/\/yonderhillfarm.ca\/fr\/wp-json\/wp\/v2\/product"}],"about":[{"href":"https:\/\/yonderhillfarm.ca\/fr\/wp-json\/wp\/v2\/types\/product"}],"replies":[{"embeddable":true,"href":"https:\/\/yonderhillfarm.ca\/fr\/wp-json\/wp\/v2\/comments?post=20747"}],"wp:featuredmedia":[{"embeddable":true,"href":"https:\/\/yonderhillfarm.ca\/fr\/wp-json\/wp\/v2\/media\/20749"}],"wp:attachment":[{"href":"https:\/\/yonderhillfarm.ca\/fr\/wp-json\/wp\/v2\/media?parent=20747"}],"wp:term":[{"taxonomy":"product_brand","embeddable":true,"href":"https:\/\/yonderhillfarm.ca\/fr\/wp-json\/wp\/v2\/product_brand?post=20747"},{"taxonomy":"product_cat","embeddable":true,"href":"https:\/\/yonderhillfarm.ca\/fr\/wp-json\/wp\/v2\/product_cat?post=20747"},{"taxonomy":"product_tag","embeddable":true,"href":"https:\/\/yonderhillfarm.ca\/fr\/wp-json\/wp\/v2\/product_tag?post=20747"}],"curies":[{"name":"wp","href":"https:\/\/api.w.org\/{rel}","templated":true}]}}