{"id":20741,"date":"2025-05-05T18:33:20","date_gmt":"2025-05-05T18:33:20","guid":{"rendered":"https:\/\/yonderhillfarm.ca\/shop\/non%20class\u00e9\/epinard-bloomsdale\/"},"modified":"2026-01-02T14:34:31","modified_gmt":"2026-01-02T18:34:31","slug":"epinard-bloomsdale","status":"publish","type":"product","link":"https:\/\/yonderhillfarm.ca\/fr\/shop\/graines-legumes-cereales\/verts\/epinard\/epinard-bloomsdale\/","title":{"rendered":"\u00c9pinard Bloomsdale"},"content":{"rendered":"<p>L&rsquo;\u00e9pinard Bloomsdale est l&rsquo;\u00e9pinard classique \u00e0 pollinisation libre. Feuilles ovales l\u00e9g\u00e8rement cloqu\u00e9es. Pousse mieux par temps frais&nbsp;; semer les graines de la fin de l&rsquo;\u00e9t\u00e9 au d\u00e9but du printemps. Monte en graines comme tous les \u00e9pinards par temps chaud en \u00e9t\u00e9.   <\/p>\n<p><strong><em>Environ 80 graines par sachet. <\/em><\/strong><\/p>\n","protected":false},"excerpt":{"rendered":"<p>L&rsquo;\u00e9pinard Bloomsdale est l&rsquo;\u00e9pinard classique \u00e0 pollinisation libre. Feuilles ovales l\u00e9g\u00e8rement cloqu\u00e9es. Pousse mieux par temps frais&nbsp;; semer les graines de la fin de l&rsquo;\u00e9t\u00e9 au d\u00e9but du printemps. Monte en graines comme tous les \u00e9pinards par temps chaud en \u00e9t\u00e9. Environ 80 graines par sachet.<\/p>\n","protected":false},"featured_media":20743,"comment_status":"closed","ping_status":"closed","template":"","meta":[],"product_brand":[],"product_cat":[231,207,208,176],"product_tag":[],"class_list":{"0":"post-20741","1":"product","2":"type-product","3":"status-publish","4":"has-post-thumbnail","6":"product_cat-epinard","7":"product_cat-legumes-verts-resistants-au-froid","8":"product_cat-salades","9":"product_cat-varietes-anciennes","10":"product_shipping_class-graines","12":"first","13":"instock","14":"taxable","15":"shipping-taxable","16":"purchasable","17":"product-type-simple"},"_links":{"self":[{"href":"https:\/\/yonderhillfarm.ca\/fr\/wp-json\/wp\/v2\/product\/20741","targetHints":{"allow":["GET"]}}],"collection":[{"href":"https:\/\/yonderhillfarm.ca\/fr\/wp-json\/wp\/v2\/product"}],"about":[{"href":"https:\/\/yonderhillfarm.ca\/fr\/wp-json\/wp\/v2\/types\/product"}],"replies":[{"embeddable":true,"href":"https:\/\/yonderhillfarm.ca\/fr\/wp-json\/wp\/v2\/comments?post=20741"}],"wp:featuredmedia":[{"embeddable":true,"href":"https:\/\/yonderhillfarm.ca\/fr\/wp-json\/wp\/v2\/media\/20743"}],"wp:attachment":[{"href":"https:\/\/yonderhillfarm.ca\/fr\/wp-json\/wp\/v2\/media?parent=20741"}],"wp:term":[{"taxonomy":"product_brand","embeddable":true,"href":"https:\/\/yonderhillfarm.ca\/fr\/wp-json\/wp\/v2\/product_brand?post=20741"},{"taxonomy":"product_cat","embeddable":true,"href":"https:\/\/yonderhillfarm.ca\/fr\/wp-json\/wp\/v2\/product_cat?post=20741"},{"taxonomy":"product_tag","embeddable":true,"href":"https:\/\/yonderhillfarm.ca\/fr\/wp-json\/wp\/v2\/product_tag?post=20741"}],"curies":[{"name":"wp","href":"https:\/\/api.w.org\/{rel}","templated":true}]}}