{"id":20734,"date":"2025-05-05T18:33:20","date_gmt":"2025-05-05T18:33:20","guid":{"rendered":"https:\/\/yonderhillfarm.ca\/shop\/non%20class\u00e9\/epinard-geant-dhiver\/"},"modified":"2026-01-02T14:36:17","modified_gmt":"2026-01-02T18:36:17","slug":"epinard-geant-dhiver","status":"publish","type":"product","link":"https:\/\/yonderhillfarm.ca\/fr\/shop\/graines-legumes-cereales\/verts\/epinard\/epinard-geant-dhiver\/","title":{"rendered":"\u00c9pinard G\u00e9ant d&rsquo;Hiver"},"content":{"rendered":"<p>Aussi r\u00e9sistant au froid que n&rsquo;importe quel \u00e9pinard, l&rsquo;\u00e9pinard g\u00e9ant d&rsquo;hiver est particuli\u00e8rement adapt\u00e9 pour passer l&rsquo;hiver apr\u00e8s avoir \u00e9t\u00e9 plant\u00e9 \u00e0 l&rsquo;automne, mais donne \u00e9galement une r\u00e9colte exceptionnelle lorsqu&rsquo;il est plant\u00e9 le plus t\u00f4t possible au printemps. Feuilles en forme de lance. <\/p>\n<p><strong><em>Environ 80 graines par sachet. <\/em><\/strong><\/p>\n","protected":false},"excerpt":{"rendered":"<p>Aussi r\u00e9sistant au froid que n&rsquo;importe quel \u00e9pinard, l&rsquo;\u00e9pinard g\u00e9ant d&rsquo;hiver est particuli\u00e8rement adapt\u00e9 pour passer l&rsquo;hiver apr\u00e8s avoir \u00e9t\u00e9 plant\u00e9 \u00e0 l&rsquo;automne, mais donne \u00e9galement une r\u00e9colte exceptionnelle lorsqu&rsquo;il est plant\u00e9 le plus t\u00f4t possible au printemps. Feuilles en forme de lance. Environ 80 graines par sachet.<\/p>\n","protected":false},"featured_media":20737,"comment_status":"closed","ping_status":"closed","template":"","meta":[],"product_brand":[],"product_cat":[231,207,208],"product_tag":[],"class_list":{"0":"post-20734","1":"product","2":"type-product","3":"status-publish","4":"has-post-thumbnail","6":"product_cat-epinard","7":"product_cat-legumes-verts-resistants-au-froid","8":"product_cat-salades","9":"product_shipping_class-graines","11":"first","12":"instock","13":"taxable","14":"shipping-taxable","15":"purchasable","16":"product-type-simple"},"_links":{"self":[{"href":"https:\/\/yonderhillfarm.ca\/fr\/wp-json\/wp\/v2\/product\/20734","targetHints":{"allow":["GET"]}}],"collection":[{"href":"https:\/\/yonderhillfarm.ca\/fr\/wp-json\/wp\/v2\/product"}],"about":[{"href":"https:\/\/yonderhillfarm.ca\/fr\/wp-json\/wp\/v2\/types\/product"}],"replies":[{"embeddable":true,"href":"https:\/\/yonderhillfarm.ca\/fr\/wp-json\/wp\/v2\/comments?post=20734"}],"wp:featuredmedia":[{"embeddable":true,"href":"https:\/\/yonderhillfarm.ca\/fr\/wp-json\/wp\/v2\/media\/20737"}],"wp:attachment":[{"href":"https:\/\/yonderhillfarm.ca\/fr\/wp-json\/wp\/v2\/media?parent=20734"}],"wp:term":[{"taxonomy":"product_brand","embeddable":true,"href":"https:\/\/yonderhillfarm.ca\/fr\/wp-json\/wp\/v2\/product_brand?post=20734"},{"taxonomy":"product_cat","embeddable":true,"href":"https:\/\/yonderhillfarm.ca\/fr\/wp-json\/wp\/v2\/product_cat?post=20734"},{"taxonomy":"product_tag","embeddable":true,"href":"https:\/\/yonderhillfarm.ca\/fr\/wp-json\/wp\/v2\/product_tag?post=20734"}],"curies":[{"name":"wp","href":"https:\/\/api.w.org\/{rel}","templated":true}]}}