{"id":20733,"date":"2025-05-05T18:33:41","date_gmt":"2025-05-05T18:33:41","guid":{"rendered":"https:\/\/yonderhillfarm.ca\/shop\/non%20class\u00e9\/persil-italien-geant\/"},"modified":"2026-01-03T13:21:12","modified_gmt":"2026-01-03T17:21:12","slug":"persil-italien-geant","status":"publish","type":"product","link":"https:\/\/yonderhillfarm.ca\/fr\/shop\/graines-dherbes-et-de-fleurs\/herbes-aromatiques\/persil-italien-geant\/","title":{"rendered":"Persil Italien G\u00e9ant"},"content":{"rendered":"<p><em>(Petroselinum crispum)<\/em> Pour ceux qui aiment vraiment le persil&nbsp;! Le persil italien g\u00e9ant est une vari\u00e9t\u00e9 savoureuse \u00e0 feuilles plates, id\u00e9ale pour l&rsquo;assaisonnement. Plante bisannuelle assez rustique, les feuilles peuvent \u00eatre r\u00e9colt\u00e9es jusqu&rsquo;aux mois les plus froids, hivernant dans le champ pour une cueillette au d\u00e9but du printemps. Plant\u00e9 dans un sol riche, il devient suffisamment grand pour \u00eatre presque confondu avec le c\u00e9leri&nbsp;!   <\/p>\n<p><em><strong>Environ 100 graines par sachet standard.<\/strong><\/em><\/p>\n<p><em><strong>Environ 1000 graines par grand sachet.<\/strong><\/em><\/p>\n","protected":false},"excerpt":{"rendered":"<p>(Petroselinum crispum) Pour ceux qui aiment vraiment le persil&nbsp;! Le persil italien g\u00e9ant est une vari\u00e9t\u00e9 savoureuse \u00e0 feuilles plates, id\u00e9ale pour l&rsquo;assaisonnement. Plante bisannuelle assez rustique, les feuilles peuvent \u00eatre r\u00e9colt\u00e9es jusqu&rsquo;aux mois les plus froids, hivernant dans le champ pour une cueillette au d\u00e9but du printemps. Plant\u00e9 dans un sol riche, il devient [&hellip;]<\/p>\n","protected":false},"featured_media":20735,"comment_status":"closed","ping_status":"closed","template":"","meta":[],"product_brand":[],"product_cat":[137,145,176],"product_tag":[187],"class_list":{"0":"post-20733","1":"product","2":"type-product","3":"status-publish","4":"has-post-thumbnail","6":"product_cat-graines-en-vrac","7":"product_cat-herbes-aromatiques","8":"product_cat-varietes-anciennes","9":"product_tag-les-favoris-de-la-ferme","10":"product_shipping_class-graines","12":"first","13":"instock","14":"taxable","15":"shipping-taxable","16":"purchasable","17":"product-type-variable"},"_links":{"self":[{"href":"https:\/\/yonderhillfarm.ca\/fr\/wp-json\/wp\/v2\/product\/20733","targetHints":{"allow":["GET"]}}],"collection":[{"href":"https:\/\/yonderhillfarm.ca\/fr\/wp-json\/wp\/v2\/product"}],"about":[{"href":"https:\/\/yonderhillfarm.ca\/fr\/wp-json\/wp\/v2\/types\/product"}],"replies":[{"embeddable":true,"href":"https:\/\/yonderhillfarm.ca\/fr\/wp-json\/wp\/v2\/comments?post=20733"}],"wp:featuredmedia":[{"embeddable":true,"href":"https:\/\/yonderhillfarm.ca\/fr\/wp-json\/wp\/v2\/media\/20735"}],"wp:attachment":[{"href":"https:\/\/yonderhillfarm.ca\/fr\/wp-json\/wp\/v2\/media?parent=20733"}],"wp:term":[{"taxonomy":"product_brand","embeddable":true,"href":"https:\/\/yonderhillfarm.ca\/fr\/wp-json\/wp\/v2\/product_brand?post=20733"},{"taxonomy":"product_cat","embeddable":true,"href":"https:\/\/yonderhillfarm.ca\/fr\/wp-json\/wp\/v2\/product_cat?post=20733"},{"taxonomy":"product_tag","embeddable":true,"href":"https:\/\/yonderhillfarm.ca\/fr\/wp-json\/wp\/v2\/product_tag?post=20733"}],"curies":[{"name":"wp","href":"https:\/\/api.w.org\/{rel}","templated":true}]}}