{"id":20724,"date":"2025-05-05T18:34:05","date_gmt":"2025-05-05T18:34:05","guid":{"rendered":"https:\/\/yonderhillfarm.ca\/shop\/non%20class\u00e9\/aneth-mammoth-long-island\/"},"modified":"2026-01-23T15:49:58","modified_gmt":"2026-01-23T19:49:58","slug":"aneth-mammoth-long-island","status":"publish","type":"product","link":"https:\/\/yonderhillfarm.ca\/fr\/shop\/graines-dherbes-et-de-fleurs\/herbes-aromatiques\/aneth-mammoth-long-island\/","title":{"rendered":"Aneth Mammoth Long Island"},"content":{"rendered":"<p><em>(Anethum graveolens)<\/em> L&rsquo;aneth &lsquo;Mammoth Long Island&rsquo; est une belle vari\u00e9t\u00e9 d&rsquo;aneth aux feuilles, aux t\u00eates florales et aux graines savoureuses. Les plantes, hautes et vigoureuses, arrivent rapidement \u00e0 maturit\u00e9. Semez donc successivement pour une r\u00e9colte prolong\u00e9e. Une vieille vari\u00e9t\u00e9 patrimoniale classique, traditionnellement utilis\u00e9e pour aromatiser les cornichons.  <\/p>\n<p><strong><em>Environ 100 graines par sachet. <\/em><\/strong><\/p>\n","protected":false},"excerpt":{"rendered":"<p>(Anethum graveolens) L&rsquo;aneth &lsquo;Mammoth Long Island&rsquo; est une belle vari\u00e9t\u00e9 d&rsquo;aneth aux feuilles, aux t\u00eates florales et aux graines savoureuses. Les plantes, hautes et vigoureuses, arrivent rapidement \u00e0 maturit\u00e9. Semez donc successivement pour une r\u00e9colte prolong\u00e9e. Une vieille vari\u00e9t\u00e9 patrimoniale classique, traditionnellement utilis\u00e9e pour aromatiser les cornichons. Environ 100 graines par sachet.<\/p>\n","protected":false},"featured_media":20725,"comment_status":"closed","ping_status":"closed","template":"","meta":[],"product_brand":[],"product_cat":[145,176],"product_tag":[],"class_list":{"0":"post-20724","1":"product","2":"type-product","3":"status-publish","4":"has-post-thumbnail","6":"product_cat-herbes-aromatiques","7":"product_cat-varietes-anciennes","8":"product_shipping_class-graines","10":"first","11":"instock","12":"taxable","13":"shipping-taxable","14":"purchasable","15":"product-type-simple"},"_links":{"self":[{"href":"https:\/\/yonderhillfarm.ca\/fr\/wp-json\/wp\/v2\/product\/20724","targetHints":{"allow":["GET"]}}],"collection":[{"href":"https:\/\/yonderhillfarm.ca\/fr\/wp-json\/wp\/v2\/product"}],"about":[{"href":"https:\/\/yonderhillfarm.ca\/fr\/wp-json\/wp\/v2\/types\/product"}],"replies":[{"embeddable":true,"href":"https:\/\/yonderhillfarm.ca\/fr\/wp-json\/wp\/v2\/comments?post=20724"}],"wp:featuredmedia":[{"embeddable":true,"href":"https:\/\/yonderhillfarm.ca\/fr\/wp-json\/wp\/v2\/media\/20725"}],"wp:attachment":[{"href":"https:\/\/yonderhillfarm.ca\/fr\/wp-json\/wp\/v2\/media?parent=20724"}],"wp:term":[{"taxonomy":"product_brand","embeddable":true,"href":"https:\/\/yonderhillfarm.ca\/fr\/wp-json\/wp\/v2\/product_brand?post=20724"},{"taxonomy":"product_cat","embeddable":true,"href":"https:\/\/yonderhillfarm.ca\/fr\/wp-json\/wp\/v2\/product_cat?post=20724"},{"taxonomy":"product_tag","embeddable":true,"href":"https:\/\/yonderhillfarm.ca\/fr\/wp-json\/wp\/v2\/product_tag?post=20724"}],"curies":[{"name":"wp","href":"https:\/\/api.w.org\/{rel}","templated":true}]}}