{"id":20717,"date":"2025-05-05T18:33:40","date_gmt":"2025-05-05T18:33:40","guid":{"rendered":"https:\/\/yonderhillfarm.ca\/shop\/non%20class\u00e9\/claytonia\/"},"modified":"2026-01-02T14:24:44","modified_gmt":"2026-01-02T18:24:44","slug":"claytonia","status":"publish","type":"product","link":"https:\/\/yonderhillfarm.ca\/fr\/shop\/graines-legumes-cereales\/verts\/legumes-verts-resistants-au-froid\/claytonia\/","title":{"rendered":"Claytonia"},"content":{"rendered":"<p>(<em>Claytonia perfoliata<\/em>) AKA Laitue de mineur ou Pourpier d&rsquo;hiver. Un succ\u00e8s fracassant dans les salades de d\u00e9but de printemps ! Feuilles succulentes en forme de c\u0153ur avec une saveur douce. L&rsquo;une des verdure les plus r\u00e9sistantes, la claytonia pousse bien tout au long de l&rsquo;hiver dans un ch\u00e2ssis froid ou une serre non chauff\u00e9e, m\u00eame \u00e0 l&rsquo;ext\u00e9rieur sous la neige ! Les graines ne germent que par temps frais et restent parfois dormantes dans le sol jusqu&rsquo;\u00e0 ce que les conditions soient id\u00e9ales. Se ress\u00e8me facilement une fois \u00e9tablie.     <\/p>\n<p><strong><em>Environ 100 graines par sachet. <\/em><\/strong><\/p>\n","protected":false},"excerpt":{"rendered":"<p>(Claytonia perfoliata) AKA Laitue de mineur ou Pourpier d&rsquo;hiver. Un succ\u00e8s fracassant dans les salades de d\u00e9but de printemps ! Feuilles succulentes en forme de c\u0153ur avec une saveur douce. L&rsquo;une des verdure les plus r\u00e9sistantes, la claytonia pousse bien tout au long de l&rsquo;hiver dans un ch\u00e2ssis froid ou une serre non chauff\u00e9e, m\u00eame [&hellip;]<\/p>\n","protected":false},"featured_media":20718,"comment_status":"closed","ping_status":"closed","template":"","meta":[],"product_brand":[],"product_cat":[207,208,176],"product_tag":[],"class_list":{"0":"post-20717","1":"product","2":"type-product","3":"status-publish","4":"has-post-thumbnail","6":"product_cat-legumes-verts-resistants-au-froid","7":"product_cat-salades","8":"product_cat-varietes-anciennes","9":"product_shipping_class-graines","11":"first","12":"instock","13":"taxable","14":"shipping-taxable","15":"purchasable","16":"product-type-simple"},"_links":{"self":[{"href":"https:\/\/yonderhillfarm.ca\/fr\/wp-json\/wp\/v2\/product\/20717","targetHints":{"allow":["GET"]}}],"collection":[{"href":"https:\/\/yonderhillfarm.ca\/fr\/wp-json\/wp\/v2\/product"}],"about":[{"href":"https:\/\/yonderhillfarm.ca\/fr\/wp-json\/wp\/v2\/types\/product"}],"replies":[{"embeddable":true,"href":"https:\/\/yonderhillfarm.ca\/fr\/wp-json\/wp\/v2\/comments?post=20717"}],"wp:featuredmedia":[{"embeddable":true,"href":"https:\/\/yonderhillfarm.ca\/fr\/wp-json\/wp\/v2\/media\/20718"}],"wp:attachment":[{"href":"https:\/\/yonderhillfarm.ca\/fr\/wp-json\/wp\/v2\/media?parent=20717"}],"wp:term":[{"taxonomy":"product_brand","embeddable":true,"href":"https:\/\/yonderhillfarm.ca\/fr\/wp-json\/wp\/v2\/product_brand?post=20717"},{"taxonomy":"product_cat","embeddable":true,"href":"https:\/\/yonderhillfarm.ca\/fr\/wp-json\/wp\/v2\/product_cat?post=20717"},{"taxonomy":"product_tag","embeddable":true,"href":"https:\/\/yonderhillfarm.ca\/fr\/wp-json\/wp\/v2\/product_tag?post=20717"}],"curies":[{"name":"wp","href":"https:\/\/api.w.org\/{rel}","templated":true}]}}