{"id":20716,"date":"2025-05-05T18:34:06","date_gmt":"2025-05-05T21:34:06","guid":{"rendered":"https:\/\/yonderhillfarm.ca\/shop\/non%20class\u00e9\/basilic-doux\/"},"modified":"2026-01-17T10:54:24","modified_gmt":"2026-01-17T14:54:24","slug":"basilic-doux","status":"publish","type":"product","link":"https:\/\/yonderhillfarm.ca\/fr\/shop\/graines-dherbes-et-de-fleurs\/herbes-aromatiques\/basilic-doux\/","title":{"rendered":"Basilic doux"},"content":{"rendered":"<p><em>(Ocimum basilicum)<\/em> Le meilleur basilic pour le pesto, la sauce pour p\u00e2tes et toutes sortes de plats. Plantes vigoureuses, aux feuilles vertes et lisses, le basilic doux se comporte tr\u00e8s bien en ext\u00e9rieur. Pincez les fleurs pour favoriser la production de feuilles suppl\u00e9mentaires, ou laissez-les fleurir pour attirer les abeilles et r\u00e9colter les graines \u00e0 l&rsquo;automne.  <\/p>\n<p><strong><em>Environ 100 graines par sachet. <\/em><\/strong><\/p>\n","protected":false},"excerpt":{"rendered":"<p>(Ocimum basilicum) Le meilleur basilic pour le pesto, la sauce pour p\u00e2tes et toutes sortes de plats. Plantes vigoureuses, aux feuilles vertes et lisses, le basilic doux se comporte tr\u00e8s bien en ext\u00e9rieur. Pincez les fleurs pour favoriser la production de feuilles suppl\u00e9mentaires, ou laissez-les fleurir pour attirer les abeilles et r\u00e9colter les graines \u00e0 [&hellip;]<\/p>\n","protected":false},"featured_media":15760,"comment_status":"closed","ping_status":"closed","template":"","meta":[],"product_brand":[],"product_cat":[145,176],"product_tag":[187],"class_list":{"0":"post-20716","1":"product","2":"type-product","3":"status-publish","4":"has-post-thumbnail","6":"product_cat-herbes-aromatiques","7":"product_cat-varietes-anciennes","8":"product_tag-les-favoris-de-la-ferme","9":"product_shipping_class-graines","11":"first","12":"instock","13":"featured","14":"taxable","15":"shipping-taxable","16":"purchasable","17":"product-type-simple"},"_links":{"self":[{"href":"https:\/\/yonderhillfarm.ca\/fr\/wp-json\/wp\/v2\/product\/20716","targetHints":{"allow":["GET"]}}],"collection":[{"href":"https:\/\/yonderhillfarm.ca\/fr\/wp-json\/wp\/v2\/product"}],"about":[{"href":"https:\/\/yonderhillfarm.ca\/fr\/wp-json\/wp\/v2\/types\/product"}],"replies":[{"embeddable":true,"href":"https:\/\/yonderhillfarm.ca\/fr\/wp-json\/wp\/v2\/comments?post=20716"}],"wp:featuredmedia":[{"embeddable":true,"href":"https:\/\/yonderhillfarm.ca\/fr\/wp-json\/wp\/v2\/media\/15760"}],"wp:attachment":[{"href":"https:\/\/yonderhillfarm.ca\/fr\/wp-json\/wp\/v2\/media?parent=20716"}],"wp:term":[{"taxonomy":"product_brand","embeddable":true,"href":"https:\/\/yonderhillfarm.ca\/fr\/wp-json\/wp\/v2\/product_brand?post=20716"},{"taxonomy":"product_cat","embeddable":true,"href":"https:\/\/yonderhillfarm.ca\/fr\/wp-json\/wp\/v2\/product_cat?post=20716"},{"taxonomy":"product_tag","embeddable":true,"href":"https:\/\/yonderhillfarm.ca\/fr\/wp-json\/wp\/v2\/product_tag?post=20716"}],"curies":[{"name":"wp","href":"https:\/\/api.w.org\/{rel}","templated":true}]}}