{"id":20711,"date":"2025-05-05T18:33:40","date_gmt":"2025-05-05T18:33:40","guid":{"rendered":"https:\/\/yonderhillfarm.ca\/shop\/non%20class\u00e9\/mache-a-grandes-feuilles\/"},"modified":"2026-01-02T14:25:58","modified_gmt":"2026-01-02T18:25:58","slug":"mache-a-grandes-feuilles","status":"publish","type":"product","link":"https:\/\/yonderhillfarm.ca\/fr\/shop\/graines-legumes-cereales\/verts\/legumes-verts-resistants-au-froid\/mache-a-grandes-feuilles\/","title":{"rendered":"M\u00e2che \u00e0 grandes feuilles"},"content":{"rendered":"<p>Aussi appel\u00e9e salade de bl\u00e9. Comme la claytonie, la m\u00e2che \u00e0 grandes feuilles est une v\u00e9ritable verdure d&rsquo;hiver. Germant dans les sols frais en automne ou tr\u00e8s t\u00f4t au printemps, elle d\u00e9veloppe de petites rosettes de feuilles savoureuses pour les premi\u00e8res salades printani\u00e8res. <strong><em>R<\/em><em>upture de stock pour 2026 &#8211; vous aimerez peut-\u00eatre essayer la <a href=\"https:\/\/yonderhillfarm.ca\/product\/claytonia\/\">Claytonie<\/a>.<\/em><\/strong>  <\/p>\n","protected":false},"excerpt":{"rendered":"<p>Aussi appel\u00e9e salade de bl\u00e9. Comme la claytonie, la m\u00e2che \u00e0 grandes feuilles est une v\u00e9ritable verdure d&rsquo;hiver. Germant dans les sols frais en automne ou tr\u00e8s t\u00f4t au printemps, elle d\u00e9veloppe de petites rosettes de feuilles savoureuses pour les premi\u00e8res salades printani\u00e8res. Rupture de stock pour 2026 &#8211; vous aimerez peut-\u00eatre essayer la Claytonie.<\/p>\n","protected":false},"featured_media":20714,"comment_status":"closed","ping_status":"closed","template":"","meta":[],"product_brand":[],"product_cat":[207,208,176],"product_tag":[],"class_list":{"0":"post-20711","1":"product","2":"type-product","3":"status-publish","4":"has-post-thumbnail","6":"product_cat-legumes-verts-resistants-au-froid","7":"product_cat-salades","8":"product_cat-varietes-anciennes","9":"product_shipping_class-graines","11":"first","12":"outofstock","13":"taxable","14":"shipping-taxable","15":"purchasable","16":"product-type-simple"},"_links":{"self":[{"href":"https:\/\/yonderhillfarm.ca\/fr\/wp-json\/wp\/v2\/product\/20711","targetHints":{"allow":["GET"]}}],"collection":[{"href":"https:\/\/yonderhillfarm.ca\/fr\/wp-json\/wp\/v2\/product"}],"about":[{"href":"https:\/\/yonderhillfarm.ca\/fr\/wp-json\/wp\/v2\/types\/product"}],"replies":[{"embeddable":true,"href":"https:\/\/yonderhillfarm.ca\/fr\/wp-json\/wp\/v2\/comments?post=20711"}],"wp:featuredmedia":[{"embeddable":true,"href":"https:\/\/yonderhillfarm.ca\/fr\/wp-json\/wp\/v2\/media\/20714"}],"wp:attachment":[{"href":"https:\/\/yonderhillfarm.ca\/fr\/wp-json\/wp\/v2\/media?parent=20711"}],"wp:term":[{"taxonomy":"product_brand","embeddable":true,"href":"https:\/\/yonderhillfarm.ca\/fr\/wp-json\/wp\/v2\/product_brand?post=20711"},{"taxonomy":"product_cat","embeddable":true,"href":"https:\/\/yonderhillfarm.ca\/fr\/wp-json\/wp\/v2\/product_cat?post=20711"},{"taxonomy":"product_tag","embeddable":true,"href":"https:\/\/yonderhillfarm.ca\/fr\/wp-json\/wp\/v2\/product_tag?post=20711"}],"curies":[{"name":"wp","href":"https:\/\/api.w.org\/{rel}","templated":true}]}}