{"id":20707,"date":"2025-05-05T18:33:41","date_gmt":"2025-05-05T18:33:41","guid":{"rendered":"https:\/\/yonderhillfarm.ca\/shop\/non%20class\u00e9\/celeri-pascal\/"},"modified":"2026-01-02T14:19:04","modified_gmt":"2026-01-02T18:19:04","slug":"celeri-pascal","status":"publish","type":"product","link":"https:\/\/yonderhillfarm.ca\/fr\/shop\/graines-legumes-cereales\/celeri\/celeri-pascal\/","title":{"rendered":"C\u00e9leri Pascal"},"content":{"rendered":"<p>Le c\u00e9leri Pascal est une excellente vari\u00e9t\u00e9 ancienne, consid\u00e9r\u00e9e comme le pr\u00e9curseur du c\u00e9leri moderne et facile \u00e0 cultiver dans le jardin familial. Les feuilles au go\u00fbt l\u00e9ger de c\u00e9leri et les tiges croquantes peuvent \u00eatre r\u00e9colt\u00e9es une \u00e0 la fois ou coup\u00e9es en plantes enti\u00e8res pour \u00eatre utilis\u00e9es dans toutes vos recettes. Avant un fort gel \u00e0 l&rsquo;automne, nous coupons toutes les plantes, les hachons et les congelons pour l&rsquo;hiver.<\/p>\n<p><em><strong>Environ 50 graines par sachet. <\/strong><\/em><\/p>\n","protected":false},"excerpt":{"rendered":"<p>Le c\u00e9leri Pascal est une excellente vari\u00e9t\u00e9 ancienne, consid\u00e9r\u00e9e comme le pr\u00e9curseur du c\u00e9leri moderne et facile \u00e0 cultiver dans le jardin familial. Les feuilles au go\u00fbt l\u00e9ger de c\u00e9leri et les tiges croquantes peuvent \u00eatre r\u00e9colt\u00e9es une \u00e0 la fois ou coup\u00e9es en plantes enti\u00e8res pour \u00eatre utilis\u00e9es dans toutes vos recettes. Avant un [&hellip;]<\/p>\n","protected":false},"featured_media":15743,"comment_status":"closed","ping_status":"closed","template":"","meta":[],"product_brand":[],"product_cat":[171,176,175],"product_tag":[],"class_list":{"0":"post-20707","1":"product","2":"type-product","3":"status-publish","4":"has-post-thumbnail","6":"product_cat-celeri","7":"product_cat-varietes-anciennes","8":"product_cat-verts","9":"product_shipping_class-graines","11":"first","12":"instock","13":"taxable","14":"shipping-taxable","15":"purchasable","16":"product-type-simple"},"_links":{"self":[{"href":"https:\/\/yonderhillfarm.ca\/fr\/wp-json\/wp\/v2\/product\/20707","targetHints":{"allow":["GET"]}}],"collection":[{"href":"https:\/\/yonderhillfarm.ca\/fr\/wp-json\/wp\/v2\/product"}],"about":[{"href":"https:\/\/yonderhillfarm.ca\/fr\/wp-json\/wp\/v2\/types\/product"}],"replies":[{"embeddable":true,"href":"https:\/\/yonderhillfarm.ca\/fr\/wp-json\/wp\/v2\/comments?post=20707"}],"wp:featuredmedia":[{"embeddable":true,"href":"https:\/\/yonderhillfarm.ca\/fr\/wp-json\/wp\/v2\/media\/15743"}],"wp:attachment":[{"href":"https:\/\/yonderhillfarm.ca\/fr\/wp-json\/wp\/v2\/media?parent=20707"}],"wp:term":[{"taxonomy":"product_brand","embeddable":true,"href":"https:\/\/yonderhillfarm.ca\/fr\/wp-json\/wp\/v2\/product_brand?post=20707"},{"taxonomy":"product_cat","embeddable":true,"href":"https:\/\/yonderhillfarm.ca\/fr\/wp-json\/wp\/v2\/product_cat?post=20707"},{"taxonomy":"product_tag","embeddable":true,"href":"https:\/\/yonderhillfarm.ca\/fr\/wp-json\/wp\/v2\/product_tag?post=20707"}],"curies":[{"name":"wp","href":"https:\/\/api.w.org\/{rel}","templated":true}]}}