{"id":20702,"date":"2025-05-05T18:34:28","date_gmt":"2025-05-05T18:34:28","guid":{"rendered":"https:\/\/yonderhillfarm.ca\/shop\/non%20class\u00e9\/melon-fierte-du-wisconsin\/"},"modified":"2026-01-02T16:24:39","modified_gmt":"2026-01-02T20:24:39","slug":"melon-fierte-du-wisconsin","status":"publish","type":"product","link":"https:\/\/yonderhillfarm.ca\/fr\/shop\/graines-legumes-cereales\/melons-et-pasteques\/melon-fierte-du-wisconsin\/","title":{"rendered":"Melon Fiert\u00e9 du Wisconsin"},"content":{"rendered":"<p>Dans notre qu\u00eate de cantaloups et de melons brod\u00e9s \u00e0 maturation pr\u00e9coce et vraiment d\u00e9licieux, nous avons trouv\u00e9 un gagnant avec le melon Fiert\u00e9 du Wisconsin. Chair orange \u00e9paisse, sucr\u00e9e et succulente&nbsp;; fruits de 900&nbsp;g \u00e0 3,6&nbsp;kg port\u00e9s par des vignes vigoureuses. Bonne saveur \u00e0 l\u2019ancienne d\u2019une vari\u00e9t\u00e9 historique.   <\/p>\n<p><strong><em>Environ 20 graines par paquet standard. <\/em><\/strong><\/p>\n<p><em><strong>Environ 200 graines par paquet en vrac. <\/strong><\/em><\/p>\n","protected":false},"excerpt":{"rendered":"<p>Dans notre qu\u00eate de cantaloups et de melons brod\u00e9s \u00e0 maturation pr\u00e9coce et vraiment d\u00e9licieux, nous avons trouv\u00e9 un gagnant avec le melon Fiert\u00e9 du Wisconsin. Chair orange \u00e9paisse, sucr\u00e9e et succulente&nbsp;; fruits de 900&nbsp;g \u00e0 3,6&nbsp;kg port\u00e9s par des vignes vigoureuses. Bonne saveur \u00e0 l\u2019ancienne d\u2019une vari\u00e9t\u00e9 historique. Environ 20 graines par paquet standard. [&hellip;]<\/p>\n","protected":false},"featured_media":20217,"comment_status":"closed","ping_status":"closed","template":"","meta":[],"product_brand":[],"product_cat":[137,177,176],"product_tag":[],"class_list":{"0":"post-20702","1":"product","2":"type-product","3":"status-publish","4":"has-post-thumbnail","6":"product_cat-graines-en-vrac","7":"product_cat-melons-et-pasteques","8":"product_cat-varietes-anciennes","9":"product_shipping_class-graines","11":"first","12":"instock","13":"taxable","14":"shipping-taxable","15":"purchasable","16":"product-type-variable"},"_links":{"self":[{"href":"https:\/\/yonderhillfarm.ca\/fr\/wp-json\/wp\/v2\/product\/20702","targetHints":{"allow":["GET"]}}],"collection":[{"href":"https:\/\/yonderhillfarm.ca\/fr\/wp-json\/wp\/v2\/product"}],"about":[{"href":"https:\/\/yonderhillfarm.ca\/fr\/wp-json\/wp\/v2\/types\/product"}],"replies":[{"embeddable":true,"href":"https:\/\/yonderhillfarm.ca\/fr\/wp-json\/wp\/v2\/comments?post=20702"}],"wp:featuredmedia":[{"embeddable":true,"href":"https:\/\/yonderhillfarm.ca\/fr\/wp-json\/wp\/v2\/media\/20217"}],"wp:attachment":[{"href":"https:\/\/yonderhillfarm.ca\/fr\/wp-json\/wp\/v2\/media?parent=20702"}],"wp:term":[{"taxonomy":"product_brand","embeddable":true,"href":"https:\/\/yonderhillfarm.ca\/fr\/wp-json\/wp\/v2\/product_brand?post=20702"},{"taxonomy":"product_cat","embeddable":true,"href":"https:\/\/yonderhillfarm.ca\/fr\/wp-json\/wp\/v2\/product_cat?post=20702"},{"taxonomy":"product_tag","embeddable":true,"href":"https:\/\/yonderhillfarm.ca\/fr\/wp-json\/wp\/v2\/product_tag?post=20702"}],"curies":[{"name":"wp","href":"https:\/\/api.w.org\/{rel}","templated":true}]}}