{"id":20697,"date":"2025-05-05T18:34:54","date_gmt":"2025-05-05T18:34:54","guid":{"rendered":"https:\/\/yonderhillfarm.ca\/shop\/non%20class\u00e9\/melon-du-marche-de-montreal\/"},"modified":"2026-01-02T16:08:45","modified_gmt":"2026-01-02T20:08:45","slug":"melon-du-marche-de-montreal","status":"publish","type":"product","link":"https:\/\/yonderhillfarm.ca\/fr\/shop\/graines-legumes-cereales\/melons-et-pasteques\/melon-du-marche-de-montreal\/","title":{"rendered":"Melon du march\u00e9 de Montr\u00e9al"},"content":{"rendered":"<p>Aussi connu sous le nom de melon muscade de Montr\u00e9al. Le melon du march\u00e9 de Montr\u00e9al est un melon exquis bien adapt\u00e9 \u00e0 notre climat, avec une peau tann\u00e9e r\u00e9ticul\u00e9e, des c\u00f4tes pro\u00e9minentes et une chair blanc verd\u00e2tre. Dans les ann\u00e9es 1800, ces magnifiques melons \u00e9taient largement cultiv\u00e9s sur les terres agricoles fertiles de l&rsquo;\u00eele de Montr\u00e9al. C\u00e9l\u00e8bres pour leur saveur riche, ils ont \u00e9t\u00e9 \u00e0 une \u00e9poque le melon brod\u00e9 le plus cultiv\u00e9 au Canada, en Nouvelle-Angleterre et dans le Midwest, et tr\u00e8s recherch\u00e9s dans les grands restaurants chics. Dans les ann\u00e9es 1940, il est tomb\u00e9 en disgr\u00e2ce en raison de son manque d&rsquo;aptitude \u00e0 l&rsquo;exp\u00e9dition et de l&rsquo;expansion urbaine de Montr\u00e9al. On pensait m\u00eame qu&rsquo;il avait disparu jusqu&rsquo;\u00e0 ce qu&rsquo;il soit red\u00e9couvert dans les ann\u00e9es 1990 dans une banque de semences. Si l&rsquo;histoire ne suffit pas, sa saveur douce et exotique vous s\u00e9duira.      <\/p>\n<p><strong><em>Environ 20 graines par paquet standard. <\/em><\/strong><\/p>\n<p><em><strong>Environ 200 graines par paquet en vrac. <\/strong><\/em><\/p>\n","protected":false},"excerpt":{"rendered":"<p>Aussi connu sous le nom de melon muscade de Montr\u00e9al. Le melon du march\u00e9 de Montr\u00e9al est un melon exquis bien adapt\u00e9 \u00e0 notre climat, avec une peau tann\u00e9e r\u00e9ticul\u00e9e, des c\u00f4tes pro\u00e9minentes et une chair blanc verd\u00e2tre. Dans les ann\u00e9es 1800, ces magnifiques melons \u00e9taient largement cultiv\u00e9s sur les terres agricoles fertiles de l&rsquo;\u00eele [&hellip;]<\/p>\n","protected":false},"featured_media":20699,"comment_status":"closed","ping_status":"closed","template":"","meta":[],"product_brand":[],"product_cat":[137,177,176],"product_tag":[],"class_list":{"0":"post-20697","1":"product","2":"type-product","3":"status-publish","4":"has-post-thumbnail","6":"product_cat-graines-en-vrac","7":"product_cat-melons-et-pasteques","8":"product_cat-varietes-anciennes","9":"product_shipping_class-graines","11":"first","12":"instock","13":"taxable","14":"shipping-taxable","15":"purchasable","16":"product-type-variable"},"_links":{"self":[{"href":"https:\/\/yonderhillfarm.ca\/fr\/wp-json\/wp\/v2\/product\/20697","targetHints":{"allow":["GET"]}}],"collection":[{"href":"https:\/\/yonderhillfarm.ca\/fr\/wp-json\/wp\/v2\/product"}],"about":[{"href":"https:\/\/yonderhillfarm.ca\/fr\/wp-json\/wp\/v2\/types\/product"}],"replies":[{"embeddable":true,"href":"https:\/\/yonderhillfarm.ca\/fr\/wp-json\/wp\/v2\/comments?post=20697"}],"wp:featuredmedia":[{"embeddable":true,"href":"https:\/\/yonderhillfarm.ca\/fr\/wp-json\/wp\/v2\/media\/20699"}],"wp:attachment":[{"href":"https:\/\/yonderhillfarm.ca\/fr\/wp-json\/wp\/v2\/media?parent=20697"}],"wp:term":[{"taxonomy":"product_brand","embeddable":true,"href":"https:\/\/yonderhillfarm.ca\/fr\/wp-json\/wp\/v2\/product_brand?post=20697"},{"taxonomy":"product_cat","embeddable":true,"href":"https:\/\/yonderhillfarm.ca\/fr\/wp-json\/wp\/v2\/product_cat?post=20697"},{"taxonomy":"product_tag","embeddable":true,"href":"https:\/\/yonderhillfarm.ca\/fr\/wp-json\/wp\/v2\/product_tag?post=20697"}],"curies":[{"name":"wp","href":"https:\/\/api.w.org\/{rel}","templated":true}]}}