{"id":20688,"date":"2025-05-05T18:34:54","date_gmt":"2025-05-05T18:34:54","guid":{"rendered":"https:\/\/yonderhillfarm.ca\/shop\/non%20class\u00e9\/melon-deau-early-moonbeam\/"},"modified":"2026-01-02T16:11:20","modified_gmt":"2026-01-02T20:11:20","slug":"melon-deau-early-moonbeam","status":"publish","type":"product","link":"https:\/\/yonderhillfarm.ca\/fr\/shop\/graines-legumes-cereales\/melons-et-pasteques\/melon-deau-early-moonbeam\/","title":{"rendered":"Melon d&rsquo;eau Early Moonbeam"},"content":{"rendered":"<p>De magnifiques petits melons ray\u00e9s \u00e0 la chair jaune et succulente. L&rsquo;un des melons d&rsquo;eau les plus pr\u00e9coces et les plus productifs sous notre climat. Lors de nos tests de go\u00fbt, ils ont \u00e9t\u00e9 class\u00e9s les meilleurs pour leurs fruits toujours sucr\u00e9s. Remarquable capacit\u00e9 de conservation &#8211; en 2021, nous mangions encore de savoureux melons d&rsquo;eau fin novembre provenant d&rsquo;une r\u00e9colte de mi-septembre&nbsp;!   <\/p>\n<p><strong><em>Environ 15 graines par sachet. <\/em><\/strong><\/p>\n","protected":false},"excerpt":{"rendered":"<p>De magnifiques petits melons ray\u00e9s \u00e0 la chair jaune et succulente. L&rsquo;un des melons d&rsquo;eau les plus pr\u00e9coces et les plus productifs sous notre climat. Lors de nos tests de go\u00fbt, ils ont \u00e9t\u00e9 class\u00e9s les meilleurs pour leurs fruits toujours sucr\u00e9s. Remarquable capacit\u00e9 de conservation &#8211; en 2021, nous mangions encore de savoureux melons [&hellip;]<\/p>\n","protected":false},"featured_media":20689,"comment_status":"closed","ping_status":"closed","template":"","meta":[],"product_brand":[],"product_cat":[177],"product_tag":[201,187],"class_list":{"0":"post-20688","1":"product","2":"type-product","3":"status-publish","4":"has-post-thumbnail","6":"product_cat-melons-et-pasteques","7":"product_tag-graines","8":"product_tag-les-favoris-de-la-ferme","9":"product_shipping_class-graines","11":"first","12":"instock","13":"featured","14":"taxable","15":"shipping-taxable","16":"purchasable","17":"product-type-simple"},"_links":{"self":[{"href":"https:\/\/yonderhillfarm.ca\/fr\/wp-json\/wp\/v2\/product\/20688","targetHints":{"allow":["GET"]}}],"collection":[{"href":"https:\/\/yonderhillfarm.ca\/fr\/wp-json\/wp\/v2\/product"}],"about":[{"href":"https:\/\/yonderhillfarm.ca\/fr\/wp-json\/wp\/v2\/types\/product"}],"replies":[{"embeddable":true,"href":"https:\/\/yonderhillfarm.ca\/fr\/wp-json\/wp\/v2\/comments?post=20688"}],"wp:featuredmedia":[{"embeddable":true,"href":"https:\/\/yonderhillfarm.ca\/fr\/wp-json\/wp\/v2\/media\/20689"}],"wp:attachment":[{"href":"https:\/\/yonderhillfarm.ca\/fr\/wp-json\/wp\/v2\/media?parent=20688"}],"wp:term":[{"taxonomy":"product_brand","embeddable":true,"href":"https:\/\/yonderhillfarm.ca\/fr\/wp-json\/wp\/v2\/product_brand?post=20688"},{"taxonomy":"product_cat","embeddable":true,"href":"https:\/\/yonderhillfarm.ca\/fr\/wp-json\/wp\/v2\/product_cat?post=20688"},{"taxonomy":"product_tag","embeddable":true,"href":"https:\/\/yonderhillfarm.ca\/fr\/wp-json\/wp\/v2\/product_tag?post=20688"}],"curies":[{"name":"wp","href":"https:\/\/api.w.org\/{rel}","templated":true}]}}