{"id":20683,"date":"2025-05-05T18:34:54","date_gmt":"2025-05-05T18:34:54","guid":{"rendered":"https:\/\/yonderhillfarm.ca\/shop\/non%20class\u00e9\/melon-deau-sugar-baby\/"},"modified":"2026-01-02T16:15:41","modified_gmt":"2026-01-02T20:15:41","slug":"melon-deau-sugar-baby","status":"publish","type":"product","link":"https:\/\/yonderhillfarm.ca\/fr\/shop\/graines-legumes-cereales\/melons-et-pasteques\/melon-deau-sugar-baby\/","title":{"rendered":"Melon d&rsquo;eau Sugar Baby"},"content":{"rendered":"<p>Vari\u00e9t\u00e9 patrimoniale populaire pour les climats frais et les courtes saisons de croissance, le melon d&rsquo;eau Sugar Baby produit de mani\u00e8re fiable une multitude de petits fruits ronds \u00e0 chair rouge succulente, sucr\u00e9e et \u00e0 texture fine. Connu comme un melon de \u00ab&nbsp;glaci\u00e8re&nbsp;\u00bb. <\/p>\n<p><strong><em>Environ 15 graines par sachet. <\/em><\/strong><\/p>\n","protected":false},"excerpt":{"rendered":"<p>Vari\u00e9t\u00e9 patrimoniale populaire pour les climats frais et les courtes saisons de croissance, le melon d&rsquo;eau Sugar Baby produit de mani\u00e8re fiable une multitude de petits fruits ronds \u00e0 chair rouge succulente, sucr\u00e9e et \u00e0 texture fine. Connu comme un melon de \u00ab&nbsp;glaci\u00e8re&nbsp;\u00bb. Environ 15 graines par sachet.<\/p>\n","protected":false},"featured_media":15749,"comment_status":"closed","ping_status":"closed","template":"","meta":[],"product_brand":[],"product_cat":[177,176],"product_tag":[],"class_list":{"0":"post-20683","1":"product","2":"type-product","3":"status-publish","4":"has-post-thumbnail","6":"product_cat-melons-et-pasteques","7":"product_cat-varietes-anciennes","8":"product_shipping_class-graines","10":"first","11":"instock","12":"taxable","13":"shipping-taxable","14":"purchasable","15":"product-type-simple"},"_links":{"self":[{"href":"https:\/\/yonderhillfarm.ca\/fr\/wp-json\/wp\/v2\/product\/20683","targetHints":{"allow":["GET"]}}],"collection":[{"href":"https:\/\/yonderhillfarm.ca\/fr\/wp-json\/wp\/v2\/product"}],"about":[{"href":"https:\/\/yonderhillfarm.ca\/fr\/wp-json\/wp\/v2\/types\/product"}],"replies":[{"embeddable":true,"href":"https:\/\/yonderhillfarm.ca\/fr\/wp-json\/wp\/v2\/comments?post=20683"}],"wp:featuredmedia":[{"embeddable":true,"href":"https:\/\/yonderhillfarm.ca\/fr\/wp-json\/wp\/v2\/media\/15749"}],"wp:attachment":[{"href":"https:\/\/yonderhillfarm.ca\/fr\/wp-json\/wp\/v2\/media?parent=20683"}],"wp:term":[{"taxonomy":"product_brand","embeddable":true,"href":"https:\/\/yonderhillfarm.ca\/fr\/wp-json\/wp\/v2\/product_brand?post=20683"},{"taxonomy":"product_cat","embeddable":true,"href":"https:\/\/yonderhillfarm.ca\/fr\/wp-json\/wp\/v2\/product_cat?post=20683"},{"taxonomy":"product_tag","embeddable":true,"href":"https:\/\/yonderhillfarm.ca\/fr\/wp-json\/wp\/v2\/product_tag?post=20683"}],"curies":[{"name":"wp","href":"https:\/\/api.w.org\/{rel}","templated":true}]}}