{"id":20677,"date":"2025-05-05T18:34:54","date_gmt":"2025-05-05T18:34:54","guid":{"rendered":"https:\/\/yonderhillfarm.ca\/shop\/non%20class\u00e9\/pois-sugar-snap\/"},"modified":"2026-01-02T16:44:02","modified_gmt":"2026-01-02T20:44:02","slug":"pois-sugar-snap","status":"publish","type":"product","link":"https:\/\/yonderhillfarm.ca\/fr\/shop\/graines-legumes-cereales\/pois-et-feves\/pois-mange-tout-et-pois-gourmands\/pois-sugar-snap\/","title":{"rendered":"Pois Sugar Snap"},"content":{"rendered":"<p>Notre vari\u00e9t\u00e9 est une souche incroyablement sup\u00e9rieure du pois Sugar Snap original, d\u00e9velopp\u00e9e \u00e0 partir d&rsquo;une mutation de Mammoth Melting dans les ann\u00e9es 70. Les gousses uniform\u00e9ment dodues regorgent de douceur ! Les vignes de 1,80 m de haut n\u00e9cessitent un treillis.  <\/p>\n<p><strong><em>Environ 25 graines par sachet. <\/em><\/strong><\/p>\n","protected":false},"excerpt":{"rendered":"<p>Une vari\u00e9t\u00e9 sup\u00e9rieure, d\u00e9bordante de douceur, avec des vignes de 1,80 m de haut.<\/p>\n","protected":false},"featured_media":20679,"comment_status":"closed","ping_status":"closed","template":"","meta":[],"product_brand":[],"product_cat":[230],"product_tag":[187],"class_list":{"0":"post-20677","1":"product","2":"type-product","3":"status-publish","4":"has-post-thumbnail","6":"product_cat-pois-mange-tout-et-pois-gourmands","7":"product_tag-les-favoris-de-la-ferme","8":"product_shipping_class-graines","10":"first","11":"instock","12":"taxable","13":"shipping-taxable","14":"purchasable","15":"product-type-simple"},"_links":{"self":[{"href":"https:\/\/yonderhillfarm.ca\/fr\/wp-json\/wp\/v2\/product\/20677","targetHints":{"allow":["GET"]}}],"collection":[{"href":"https:\/\/yonderhillfarm.ca\/fr\/wp-json\/wp\/v2\/product"}],"about":[{"href":"https:\/\/yonderhillfarm.ca\/fr\/wp-json\/wp\/v2\/types\/product"}],"replies":[{"embeddable":true,"href":"https:\/\/yonderhillfarm.ca\/fr\/wp-json\/wp\/v2\/comments?post=20677"}],"wp:featuredmedia":[{"embeddable":true,"href":"https:\/\/yonderhillfarm.ca\/fr\/wp-json\/wp\/v2\/media\/20679"}],"wp:attachment":[{"href":"https:\/\/yonderhillfarm.ca\/fr\/wp-json\/wp\/v2\/media?parent=20677"}],"wp:term":[{"taxonomy":"product_brand","embeddable":true,"href":"https:\/\/yonderhillfarm.ca\/fr\/wp-json\/wp\/v2\/product_brand?post=20677"},{"taxonomy":"product_cat","embeddable":true,"href":"https:\/\/yonderhillfarm.ca\/fr\/wp-json\/wp\/v2\/product_cat?post=20677"},{"taxonomy":"product_tag","embeddable":true,"href":"https:\/\/yonderhillfarm.ca\/fr\/wp-json\/wp\/v2\/product_tag?post=20677"}],"curies":[{"name":"wp","href":"https:\/\/api.w.org\/{rel}","templated":true}]}}