{"id":20672,"date":"2025-05-05T18:34:54","date_gmt":"2025-05-05T18:34:54","guid":{"rendered":"https:\/\/yonderhillfarm.ca\/shop\/non%20class\u00e9\/pois-mange-tout-bresilien\/"},"modified":"2026-01-02T17:26:20","modified_gmt":"2026-01-02T21:26:20","slug":"pois-mange-tout-bresilien","status":"publish","type":"product","link":"https:\/\/yonderhillfarm.ca\/fr\/shop\/graines-legumes-cereales\/pois-et-feves\/pois-mange-tout-et-pois-gourmands\/pois-mange-tout-bresilien\/","title":{"rendered":"Pois mange-tout br\u00e9silien"},"content":{"rendered":"<p>D&rsquo;\u00e9normes cosses croquantes et sucr\u00e9es qui restent succulentes longtemps. Le pois mange-tout br\u00e9silien est de loin notre pois mange-tout pr\u00e9f\u00e9r\u00e9 pour sa saveur et sa productivit\u00e9, sans parler des magnifiques fleurs roses sur de hautes vignes. <\/p>\n<p><strong><em>Environ 25 graines par sachet. <\/em><\/strong><\/p>\n","protected":false},"excerpt":{"rendered":"<p>D&rsquo;\u00e9normes cosses croquantes et sucr\u00e9es qui restent succulentes longtemps. Le pois mange-tout br\u00e9silien est de loin notre pois mange-tout pr\u00e9f\u00e9r\u00e9 pour sa saveur et sa productivit\u00e9, sans parler des magnifiques fleurs roses sur de hautes vignes. Environ 25 graines par sachet.<\/p>\n","protected":false},"featured_media":15834,"comment_status":"closed","ping_status":"closed","template":"","meta":[],"product_brand":[],"product_cat":[230],"product_tag":[],"class_list":{"0":"post-20672","1":"product","2":"type-product","3":"status-publish","4":"has-post-thumbnail","6":"product_cat-pois-mange-tout-et-pois-gourmands","7":"product_shipping_class-graines","9":"first","10":"instock","11":"taxable","12":"shipping-taxable","13":"purchasable","14":"product-type-simple"},"_links":{"self":[{"href":"https:\/\/yonderhillfarm.ca\/fr\/wp-json\/wp\/v2\/product\/20672","targetHints":{"allow":["GET"]}}],"collection":[{"href":"https:\/\/yonderhillfarm.ca\/fr\/wp-json\/wp\/v2\/product"}],"about":[{"href":"https:\/\/yonderhillfarm.ca\/fr\/wp-json\/wp\/v2\/types\/product"}],"replies":[{"embeddable":true,"href":"https:\/\/yonderhillfarm.ca\/fr\/wp-json\/wp\/v2\/comments?post=20672"}],"wp:featuredmedia":[{"embeddable":true,"href":"https:\/\/yonderhillfarm.ca\/fr\/wp-json\/wp\/v2\/media\/15834"}],"wp:attachment":[{"href":"https:\/\/yonderhillfarm.ca\/fr\/wp-json\/wp\/v2\/media?parent=20672"}],"wp:term":[{"taxonomy":"product_brand","embeddable":true,"href":"https:\/\/yonderhillfarm.ca\/fr\/wp-json\/wp\/v2\/product_brand?post=20672"},{"taxonomy":"product_cat","embeddable":true,"href":"https:\/\/yonderhillfarm.ca\/fr\/wp-json\/wp\/v2\/product_cat?post=20672"},{"taxonomy":"product_tag","embeddable":true,"href":"https:\/\/yonderhillfarm.ca\/fr\/wp-json\/wp\/v2\/product_tag?post=20672"}],"curies":[{"name":"wp","href":"https:\/\/api.w.org\/{rel}","templated":true}]}}