{"id":20659,"date":"2025-05-05T18:35:17","date_gmt":"2025-05-05T18:35:17","guid":{"rendered":"https:\/\/yonderhillfarm.ca\/shop\/non%20class\u00e9\/piment-doux-pimento\/"},"modified":"2026-01-02T19:03:28","modified_gmt":"2026-01-02T23:03:28","slug":"piment-doux-pimento","status":"publish","type":"product","link":"https:\/\/yonderhillfarm.ca\/fr\/shop\/graines-legumes-cereales\/poivrons-et-aubergines\/poivrons-doux\/piment-doux-pimento\/","title":{"rendered":"Piment doux Pimento"},"content":{"rendered":"<p>M\u00fbrit tr\u00e8s t\u00f4t&nbsp;! Les poivrons piments doux sont petits, \u00e0 parois \u00e9paisses et super sucr\u00e9s apr\u00e8s avoir m\u00fbri du vert au rouge. Un favori de la ferme.  <\/p>\n<p><strong><em>Environ 20 graines par paquet standard. <\/em><\/strong><\/p>\n<p><em><strong>Environ 200 graines par paquet en vrac. <\/strong><\/em><\/p>\n","protected":false},"excerpt":{"rendered":"<p>M\u00fbrit tr\u00e8s t\u00f4t&nbsp;! Les poivrons piments doux sont petits, \u00e0 parois \u00e9paisses et super sucr\u00e9s apr\u00e8s avoir m\u00fbri du vert au rouge. Un favori de la ferme. Environ 20 graines par paquet standard. Environ 200 graines par paquet en vrac.<\/p>\n","protected":false},"featured_media":20661,"comment_status":"closed","ping_status":"closed","template":"","meta":[],"product_brand":[],"product_cat":[137,227],"product_tag":[187],"class_list":{"0":"post-20659","1":"product","2":"type-product","3":"status-publish","4":"has-post-thumbnail","6":"product_cat-graines-en-vrac","7":"product_cat-poivrons-doux","8":"product_tag-les-favoris-de-la-ferme","9":"product_shipping_class-graines","11":"first","12":"instock","13":"taxable","14":"shipping-taxable","15":"purchasable","16":"product-type-variable"},"_links":{"self":[{"href":"https:\/\/yonderhillfarm.ca\/fr\/wp-json\/wp\/v2\/product\/20659","targetHints":{"allow":["GET"]}}],"collection":[{"href":"https:\/\/yonderhillfarm.ca\/fr\/wp-json\/wp\/v2\/product"}],"about":[{"href":"https:\/\/yonderhillfarm.ca\/fr\/wp-json\/wp\/v2\/types\/product"}],"replies":[{"embeddable":true,"href":"https:\/\/yonderhillfarm.ca\/fr\/wp-json\/wp\/v2\/comments?post=20659"}],"wp:featuredmedia":[{"embeddable":true,"href":"https:\/\/yonderhillfarm.ca\/fr\/wp-json\/wp\/v2\/media\/20661"}],"wp:attachment":[{"href":"https:\/\/yonderhillfarm.ca\/fr\/wp-json\/wp\/v2\/media?parent=20659"}],"wp:term":[{"taxonomy":"product_brand","embeddable":true,"href":"https:\/\/yonderhillfarm.ca\/fr\/wp-json\/wp\/v2\/product_brand?post=20659"},{"taxonomy":"product_cat","embeddable":true,"href":"https:\/\/yonderhillfarm.ca\/fr\/wp-json\/wp\/v2\/product_cat?post=20659"},{"taxonomy":"product_tag","embeddable":true,"href":"https:\/\/yonderhillfarm.ca\/fr\/wp-json\/wp\/v2\/product_tag?post=20659"}],"curies":[{"name":"wp","href":"https:\/\/api.w.org\/{rel}","templated":true}]}}