{"id":20658,"date":"2025-05-05T18:35:16","date_gmt":"2025-05-05T18:35:16","guid":{"rendered":"https:\/\/yonderhillfarm.ca\/shop\/non%20class\u00e9\/pois-mange-tout-nain-cascadia\/"},"modified":"2026-01-02T16:40:11","modified_gmt":"2026-01-02T20:40:11","slug":"pois-mange-tout-nain-cascadia","status":"publish","type":"product","link":"https:\/\/yonderhillfarm.ca\/fr\/shop\/graines-legumes-cereales\/pois-et-feves\/pois-mange-tout-et-pois-gourmands\/pois-mange-tout-nain-cascadia\/","title":{"rendered":"Pois mange-tout nain Cascadia"},"content":{"rendered":"<p>Le pois mange-tout nain Cascadia est un pois croquant superbement savoureux. Les vignes atteignent 1 m, ce qui rend le palissage facultatif. Il arrive rapidement \u00e0 maturit\u00e9 et peut \u00eatre sem\u00e9 successivement jusqu&rsquo;en ao\u00fbt.  <\/p>\n<p><strong><em>Environ 25 graines par sachet. <\/em><\/strong><\/p>\n","protected":false},"excerpt":{"rendered":"<p>Le pois mange-tout nain Cascadia est un pois croquant superbement savoureux. Les vignes atteignent 1 m, ce qui rend le palissage facultatif. Il arrive rapidement \u00e0 maturit\u00e9 et peut \u00eatre sem\u00e9 successivement jusqu&rsquo;en ao\u00fbt. Environ 25 graines par sachet.<\/p>\n","protected":false},"featured_media":20660,"comment_status":"closed","ping_status":"closed","template":"","meta":[],"product_brand":[],"product_cat":[230],"product_tag":[],"class_list":{"0":"post-20658","1":"product","2":"type-product","3":"status-publish","4":"has-post-thumbnail","6":"product_cat-pois-mange-tout-et-pois-gourmands","7":"product_shipping_class-graines","9":"first","10":"instock","11":"taxable","12":"shipping-taxable","13":"purchasable","14":"product-type-simple"},"_links":{"self":[{"href":"https:\/\/yonderhillfarm.ca\/fr\/wp-json\/wp\/v2\/product\/20658","targetHints":{"allow":["GET"]}}],"collection":[{"href":"https:\/\/yonderhillfarm.ca\/fr\/wp-json\/wp\/v2\/product"}],"about":[{"href":"https:\/\/yonderhillfarm.ca\/fr\/wp-json\/wp\/v2\/types\/product"}],"replies":[{"embeddable":true,"href":"https:\/\/yonderhillfarm.ca\/fr\/wp-json\/wp\/v2\/comments?post=20658"}],"wp:featuredmedia":[{"embeddable":true,"href":"https:\/\/yonderhillfarm.ca\/fr\/wp-json\/wp\/v2\/media\/20660"}],"wp:attachment":[{"href":"https:\/\/yonderhillfarm.ca\/fr\/wp-json\/wp\/v2\/media?parent=20658"}],"wp:term":[{"taxonomy":"product_brand","embeddable":true,"href":"https:\/\/yonderhillfarm.ca\/fr\/wp-json\/wp\/v2\/product_brand?post=20658"},{"taxonomy":"product_cat","embeddable":true,"href":"https:\/\/yonderhillfarm.ca\/fr\/wp-json\/wp\/v2\/product_cat?post=20658"},{"taxonomy":"product_tag","embeddable":true,"href":"https:\/\/yonderhillfarm.ca\/fr\/wp-json\/wp\/v2\/product_tag?post=20658"}],"curies":[{"name":"wp","href":"https:\/\/api.w.org\/{rel}","templated":true}]}}