{"id":20649,"date":"2025-05-05T18:35:17","date_gmt":"2025-05-05T18:35:17","guid":{"rendered":"https:\/\/yonderhillfarm.ca\/shop\/non%20class\u00e9\/poivron-klari-baby-cheese\/"},"modified":"2026-01-02T19:06:46","modified_gmt":"2026-01-02T23:06:46","slug":"poivron-klari-baby-cheese","status":"publish","type":"product","link":"https:\/\/yonderhillfarm.ca\/fr\/shop\/graines-legumes-cereales\/poivrons-et-aubergines\/poivrons-doux\/poivron-klari-baby-cheese\/","title":{"rendered":"Poivron Klari Baby Cheese"},"content":{"rendered":"<p>Absolument notre poivron le plus pr\u00e9coce, et tr\u00e8s productif aussi&nbsp;! Les poivrons fromage de brebis Klari pour b\u00e9b\u00e9 sont de petits poivrons doux aplatis qui commencent jaunes et m\u00fbissent en rouge&nbsp;; ils ont la chair la plus \u00e9paisse de tous nos poivrons. Une vari\u00e9t\u00e9 h\u00e9ritage de Hongrie.  <\/p>\n<p><strong><em>Environ 20 graines par paquet standard. <\/em><\/strong><\/p>\n<p><em><strong>Environ 200 graines par paquet en vrac. <\/strong><\/em><\/p>\n","protected":false},"excerpt":{"rendered":"<p>Absolument notre poivron le plus pr\u00e9coce, et tr\u00e8s productif aussi&nbsp;! Les poivrons fromage de brebis Klari pour b\u00e9b\u00e9 sont de petits poivrons doux aplatis qui commencent jaunes et m\u00fbissent en rouge&nbsp;; ils ont la chair la plus \u00e9paisse de tous nos poivrons. Une vari\u00e9t\u00e9 h\u00e9ritage de Hongrie. Environ 20 graines par paquet standard. Environ 200 [&hellip;]<\/p>\n","protected":false},"featured_media":20652,"comment_status":"closed","ping_status":"closed","template":"","meta":[],"product_brand":[],"product_cat":[137,227,176],"product_tag":[],"class_list":{"0":"post-20649","1":"product","2":"type-product","3":"status-publish","4":"has-post-thumbnail","6":"product_cat-graines-en-vrac","7":"product_cat-poivrons-doux","8":"product_cat-varietes-anciennes","9":"product_shipping_class-graines","11":"first","12":"instock","13":"taxable","14":"shipping-taxable","15":"purchasable","16":"product-type-variable"},"_links":{"self":[{"href":"https:\/\/yonderhillfarm.ca\/fr\/wp-json\/wp\/v2\/product\/20649","targetHints":{"allow":["GET"]}}],"collection":[{"href":"https:\/\/yonderhillfarm.ca\/fr\/wp-json\/wp\/v2\/product"}],"about":[{"href":"https:\/\/yonderhillfarm.ca\/fr\/wp-json\/wp\/v2\/types\/product"}],"replies":[{"embeddable":true,"href":"https:\/\/yonderhillfarm.ca\/fr\/wp-json\/wp\/v2\/comments?post=20649"}],"wp:featuredmedia":[{"embeddable":true,"href":"https:\/\/yonderhillfarm.ca\/fr\/wp-json\/wp\/v2\/media\/20652"}],"wp:attachment":[{"href":"https:\/\/yonderhillfarm.ca\/fr\/wp-json\/wp\/v2\/media?parent=20649"}],"wp:term":[{"taxonomy":"product_brand","embeddable":true,"href":"https:\/\/yonderhillfarm.ca\/fr\/wp-json\/wp\/v2\/product_brand?post=20649"},{"taxonomy":"product_cat","embeddable":true,"href":"https:\/\/yonderhillfarm.ca\/fr\/wp-json\/wp\/v2\/product_cat?post=20649"},{"taxonomy":"product_tag","embeddable":true,"href":"https:\/\/yonderhillfarm.ca\/fr\/wp-json\/wp\/v2\/product_tag?post=20649"}],"curies":[{"name":"wp","href":"https:\/\/api.w.org\/{rel}","templated":true}]}}