{"id":20648,"date":"2025-05-05T18:35:16","date_gmt":"2025-05-05T18:35:16","guid":{"rendered":"https:\/\/yonderhillfarm.ca\/shop\/non%20class\u00e9\/pois-ecosses-lincoln\/"},"modified":"2026-01-02T16:42:23","modified_gmt":"2026-01-02T20:42:23","slug":"pois-ecosses-lincoln","status":"publish","type":"product","link":"https:\/\/yonderhillfarm.ca\/fr\/shop\/graines-legumes-cereales\/pois-et-feves\/pois-ecosses\/pois-ecosses-lincoln\/","title":{"rendered":"Pois \u00e9coss\u00e9s Lincoln"},"content":{"rendered":"<p>Le pois \u00e9coss\u00e9 Lincoln est une vari\u00e9t\u00e9 productive, id\u00e9ale pour \u00eatre consomm\u00e9e fra\u00eeche ou congel\u00e9e. 8 \u00e0 10 pois dodus et sucr\u00e9s par cosse. Les plants sont assez compacts et grimpent jusqu&rsquo;\u00e0 une hauteur de 90 cm.  <\/p>\n<p><strong><em>Environ 25 graines par sachet. <\/em><\/strong><\/p>\n<p>&nbsp;<\/p>\n","protected":false},"excerpt":{"rendered":"<p>Le pois \u00e9coss\u00e9 Lincoln est une vari\u00e9t\u00e9 productive, id\u00e9ale pour \u00eatre consomm\u00e9e fra\u00eeche ou congel\u00e9e. 8 \u00e0 10 pois dodus et sucr\u00e9s par cosse. Les plants sont assez compacts et grimpent jusqu&rsquo;\u00e0 une hauteur de 90 cm. Environ 25 graines par sachet. &nbsp;<\/p>\n","protected":false},"featured_media":15750,"comment_status":"closed","ping_status":"closed","template":"","meta":[],"product_brand":[],"product_cat":[164,229,176],"product_tag":[],"class_list":{"0":"post-20648","1":"product","2":"type-product","3":"status-publish","4":"has-post-thumbnail","6":"product_cat-nouveautes-et-reassort","7":"product_cat-pois-ecosses","8":"product_cat-varietes-anciennes","9":"product_shipping_class-graines","11":"first","12":"instock","13":"taxable","14":"shipping-taxable","15":"purchasable","16":"product-type-simple"},"_links":{"self":[{"href":"https:\/\/yonderhillfarm.ca\/fr\/wp-json\/wp\/v2\/product\/20648","targetHints":{"allow":["GET"]}}],"collection":[{"href":"https:\/\/yonderhillfarm.ca\/fr\/wp-json\/wp\/v2\/product"}],"about":[{"href":"https:\/\/yonderhillfarm.ca\/fr\/wp-json\/wp\/v2\/types\/product"}],"replies":[{"embeddable":true,"href":"https:\/\/yonderhillfarm.ca\/fr\/wp-json\/wp\/v2\/comments?post=20648"}],"wp:featuredmedia":[{"embeddable":true,"href":"https:\/\/yonderhillfarm.ca\/fr\/wp-json\/wp\/v2\/media\/15750"}],"wp:attachment":[{"href":"https:\/\/yonderhillfarm.ca\/fr\/wp-json\/wp\/v2\/media?parent=20648"}],"wp:term":[{"taxonomy":"product_brand","embeddable":true,"href":"https:\/\/yonderhillfarm.ca\/fr\/wp-json\/wp\/v2\/product_brand?post=20648"},{"taxonomy":"product_cat","embeddable":true,"href":"https:\/\/yonderhillfarm.ca\/fr\/wp-json\/wp\/v2\/product_cat?post=20648"},{"taxonomy":"product_tag","embeddable":true,"href":"https:\/\/yonderhillfarm.ca\/fr\/wp-json\/wp\/v2\/product_tag?post=20648"}],"curies":[{"name":"wp","href":"https:\/\/api.w.org\/{rel}","templated":true}]}}