{"id":20642,"date":"2025-05-05T18:35:17","date_gmt":"2025-05-05T18:35:17","guid":{"rendered":"https:\/\/yonderhillfarm.ca\/shop\/non%20class\u00e9\/piment-amish\/"},"modified":"2026-03-30T15:30:52","modified_gmt":"2026-03-30T18:30:52","slug":"piment-amish","status":"publish","type":"product","link":"https:\/\/yonderhillfarm.ca\/fr\/shop\/graines-legumes-cereales\/poivrons-et-aubergines\/poivrons-doux\/piment-amish\/","title":{"rendered":"Piment Amish"},"content":{"rendered":"<p>Avec des fruits l\u00e9g\u00e8rement plus gros que notre <a href=\"https:\/\/yonderhillfarm.ca\/fr\/shop\/graines-legumes-cereales\/poivrons-et-aubergines\/poivrons-doux\/piment-doux-pimento\/\">Sweet Pimento<\/a>, le piment amish est id\u00e9al \u00e0 manger tel quel ou pour faire une soupe de poivrons rouges r\u00f4tis. Nous constatons que les piments \u00e0 chair \u00e9paisse de type piment sont plus performants que les poivrons lors des saisons de croissance les plus courtes. <\/p>\n<p><strong><em>Environ 20 graines par paquet standard. <\/em><\/strong><\/p>\n<p><em><strong>Environ 200 graines par paquet en vrac. <\/strong><\/em><\/p>\n","protected":false},"excerpt":{"rendered":"<p>Avec des fruits l\u00e9g\u00e8rement plus gros que notre Sweet Pimento, le piment amish est id\u00e9al \u00e0 manger tel quel ou pour faire une soupe de poivrons rouges r\u00f4tis. Nous constatons que les piments \u00e0 chair \u00e9paisse de type piment sont plus performants que les poivrons lors des saisons de croissance les plus courtes. Environ 20 [&hellip;]<\/p>\n","protected":false},"featured_media":20645,"comment_status":"closed","ping_status":"closed","template":"","meta":[],"product_brand":[],"product_cat":[227,137,176],"product_tag":[],"class_list":{"0":"post-20642","1":"product","2":"type-product","3":"status-publish","4":"has-post-thumbnail","6":"product_cat-poivrons-doux","7":"product_cat-graines-en-vrac","8":"product_cat-varietes-anciennes","9":"product_shipping_class-graines","11":"first","12":"instock","13":"taxable","14":"shipping-taxable","15":"purchasable","16":"product-type-variable"},"_links":{"self":[{"href":"https:\/\/yonderhillfarm.ca\/fr\/wp-json\/wp\/v2\/product\/20642","targetHints":{"allow":["GET"]}}],"collection":[{"href":"https:\/\/yonderhillfarm.ca\/fr\/wp-json\/wp\/v2\/product"}],"about":[{"href":"https:\/\/yonderhillfarm.ca\/fr\/wp-json\/wp\/v2\/types\/product"}],"replies":[{"embeddable":true,"href":"https:\/\/yonderhillfarm.ca\/fr\/wp-json\/wp\/v2\/comments?post=20642"}],"wp:featuredmedia":[{"embeddable":true,"href":"https:\/\/yonderhillfarm.ca\/fr\/wp-json\/wp\/v2\/media\/20645"}],"wp:attachment":[{"href":"https:\/\/yonderhillfarm.ca\/fr\/wp-json\/wp\/v2\/media?parent=20642"}],"wp:term":[{"taxonomy":"product_brand","embeddable":true,"href":"https:\/\/yonderhillfarm.ca\/fr\/wp-json\/wp\/v2\/product_brand?post=20642"},{"taxonomy":"product_cat","embeddable":true,"href":"https:\/\/yonderhillfarm.ca\/fr\/wp-json\/wp\/v2\/product_cat?post=20642"},{"taxonomy":"product_tag","embeddable":true,"href":"https:\/\/yonderhillfarm.ca\/fr\/wp-json\/wp\/v2\/product_tag?post=20642"}],"curies":[{"name":"wp","href":"https:\/\/api.w.org\/{rel}","templated":true}]}}