{"id":20640,"date":"2025-05-05T18:35:17","date_gmt":"2025-05-05T18:35:17","guid":{"rendered":"https:\/\/yonderhillfarm.ca\/shop\/non%20class\u00e9\/feve-windsor\/"},"modified":"2026-01-02T16:38:38","modified_gmt":"2026-01-02T20:38:38","slug":"feve-windsor","status":"publish","type":"product","link":"https:\/\/yonderhillfarm.ca\/fr\/shop\/graines-legumes-cereales\/pois-et-feves\/feves\/feve-windsor\/","title":{"rendered":"F\u00e8ve Windsor"},"content":{"rendered":"<p>F\u00e8ve classique ancienne d&rsquo;Angleterre. Plantez la f\u00e8ve de Windsor en m\u00eame temps que les pois&nbsp;: les plants de 90&nbsp;cm \u00e0 1,20&nbsp;m de haut ne n\u00e9cessitent aucun tuteurage et produisent de longues gousses remplies de grosses f\u00e8ves \u00e0 consommer fra\u00eeches ou s\u00e8ches. Essayez de faire cuire les f\u00e8ves \u00e9coss\u00e9es \u00e0 la vapeur, puis servez-les avec du beurre fondu. Mmm&nbsp;!   <\/p>\n<p><strong><em>Environ 15 graines par sachet. <\/em><\/strong><\/p>\n","protected":false},"excerpt":{"rendered":"<p>F\u00e8ve classique ancienne d&rsquo;Angleterre. Plantez la f\u00e8ve de Windsor en m\u00eame temps que les pois&nbsp;: les plants de 90&nbsp;cm \u00e0 1,20&nbsp;m de haut ne n\u00e9cessitent aucun tuteurage et produisent de longues gousses remplies de grosses f\u00e8ves \u00e0 consommer fra\u00eeches ou s\u00e8ches. Essayez de faire cuire les f\u00e8ves \u00e9coss\u00e9es \u00e0 la vapeur, puis servez-les avec du [&hellip;]<\/p>\n","protected":false},"featured_media":20643,"comment_status":"closed","ping_status":"closed","template":"","meta":[],"product_brand":[],"product_cat":[228,176],"product_tag":[],"class_list":{"0":"post-20640","1":"product","2":"type-product","3":"status-publish","4":"has-post-thumbnail","6":"product_cat-feves","7":"product_cat-varietes-anciennes","8":"product_shipping_class-graines","10":"first","11":"outofstock","12":"taxable","13":"shipping-taxable","14":"purchasable","15":"product-type-simple"},"_links":{"self":[{"href":"https:\/\/yonderhillfarm.ca\/fr\/wp-json\/wp\/v2\/product\/20640","targetHints":{"allow":["GET"]}}],"collection":[{"href":"https:\/\/yonderhillfarm.ca\/fr\/wp-json\/wp\/v2\/product"}],"about":[{"href":"https:\/\/yonderhillfarm.ca\/fr\/wp-json\/wp\/v2\/types\/product"}],"replies":[{"embeddable":true,"href":"https:\/\/yonderhillfarm.ca\/fr\/wp-json\/wp\/v2\/comments?post=20640"}],"wp:featuredmedia":[{"embeddable":true,"href":"https:\/\/yonderhillfarm.ca\/fr\/wp-json\/wp\/v2\/media\/20643"}],"wp:attachment":[{"href":"https:\/\/yonderhillfarm.ca\/fr\/wp-json\/wp\/v2\/media?parent=20640"}],"wp:term":[{"taxonomy":"product_brand","embeddable":true,"href":"https:\/\/yonderhillfarm.ca\/fr\/wp-json\/wp\/v2\/product_brand?post=20640"},{"taxonomy":"product_cat","embeddable":true,"href":"https:\/\/yonderhillfarm.ca\/fr\/wp-json\/wp\/v2\/product_cat?post=20640"},{"taxonomy":"product_tag","embeddable":true,"href":"https:\/\/yonderhillfarm.ca\/fr\/wp-json\/wp\/v2\/product_tag?post=20640"}],"curies":[{"name":"wp","href":"https:\/\/api.w.org\/{rel}","templated":true}]}}