{"id":20628,"date":"2025-05-05T18:35:17","date_gmt":"2025-05-05T18:35:17","guid":{"rendered":"https:\/\/yonderhillfarm.ca\/shop\/non%20class\u00e9\/poivron-doux-chocolat\/"},"modified":"2026-01-02T18:59:02","modified_gmt":"2026-01-02T22:59:02","slug":"poivron-doux-chocolat","status":"publish","type":"product","link":"https:\/\/yonderhillfarm.ca\/fr\/shop\/graines-legumes-cereales\/poivrons-et-aubergines\/poivrons-doux\/poivron-doux-chocolat\/","title":{"rendered":"Poivron doux chocolat"},"content":{"rendered":"<p>Poivrons doux brun chocolat richement color\u00e9s. Le poivron doux chocolat est un type de poivron allong\u00e9 avec une chair rouge fonc\u00e9 \u00e0 pleine maturit\u00e9. Saveur sucr\u00e9e avec un soup\u00e7on de cacao. Cet h\u00e9ritage \u00e0 maturation extra pr\u00e9coce a \u00e9t\u00e9 d\u00e9velopp\u00e9 par le c\u00e9l\u00e8bre s\u00e9lectionneur de plantes Elwyn Meader dans les ann\u00e9es 1960.   <\/p>\n<p><strong><em>Environ 20 graines par paquet standard. <\/em><\/strong><\/p>\n<p><em><strong>Environ 200 graines par paquet en vrac. <\/strong><\/em><\/p>\n","protected":false},"excerpt":{"rendered":"<p>Poivrons doux brun chocolat richement color\u00e9s. Le poivron doux chocolat est un type de poivron allong\u00e9 avec une chair rouge fonc\u00e9 \u00e0 pleine maturit\u00e9. Saveur sucr\u00e9e avec un soup\u00e7on de cacao. Cet h\u00e9ritage \u00e0 maturation extra pr\u00e9coce a \u00e9t\u00e9 d\u00e9velopp\u00e9 par le c\u00e9l\u00e8bre s\u00e9lectionneur de plantes Elwyn Meader dans les ann\u00e9es 1960. Environ 20 graines [&hellip;]<\/p>\n","protected":false},"featured_media":20631,"comment_status":"closed","ping_status":"closed","template":"","meta":[],"product_brand":[],"product_cat":[137,227,176],"product_tag":[187],"class_list":{"0":"post-20628","1":"product","2":"type-product","3":"status-publish","4":"has-post-thumbnail","6":"product_cat-graines-en-vrac","7":"product_cat-poivrons-doux","8":"product_cat-varietes-anciennes","9":"product_tag-les-favoris-de-la-ferme","10":"product_shipping_class-graines","12":"first","13":"instock","14":"taxable","15":"shipping-taxable","16":"purchasable","17":"product-type-variable"},"_links":{"self":[{"href":"https:\/\/yonderhillfarm.ca\/fr\/wp-json\/wp\/v2\/product\/20628","targetHints":{"allow":["GET"]}}],"collection":[{"href":"https:\/\/yonderhillfarm.ca\/fr\/wp-json\/wp\/v2\/product"}],"about":[{"href":"https:\/\/yonderhillfarm.ca\/fr\/wp-json\/wp\/v2\/types\/product"}],"replies":[{"embeddable":true,"href":"https:\/\/yonderhillfarm.ca\/fr\/wp-json\/wp\/v2\/comments?post=20628"}],"wp:featuredmedia":[{"embeddable":true,"href":"https:\/\/yonderhillfarm.ca\/fr\/wp-json\/wp\/v2\/media\/20631"}],"wp:attachment":[{"href":"https:\/\/yonderhillfarm.ca\/fr\/wp-json\/wp\/v2\/media?parent=20628"}],"wp:term":[{"taxonomy":"product_brand","embeddable":true,"href":"https:\/\/yonderhillfarm.ca\/fr\/wp-json\/wp\/v2\/product_brand?post=20628"},{"taxonomy":"product_cat","embeddable":true,"href":"https:\/\/yonderhillfarm.ca\/fr\/wp-json\/wp\/v2\/product_cat?post=20628"},{"taxonomy":"product_tag","embeddable":true,"href":"https:\/\/yonderhillfarm.ca\/fr\/wp-json\/wp\/v2\/product_tag?post=20628"}],"curies":[{"name":"wp","href":"https:\/\/api.w.org\/{rel}","templated":true}]}}