{"id":20627,"date":"2025-05-05T18:35:40","date_gmt":"2025-05-05T18:35:40","guid":{"rendered":"https:\/\/yonderhillfarm.ca\/shop\/non%20class\u00e9\/poivron-california-wonder\/"},"modified":"2026-01-02T18:56:47","modified_gmt":"2026-01-02T22:56:47","slug":"poivron-california-wonder","status":"publish","type":"product","link":"https:\/\/yonderhillfarm.ca\/fr\/shop\/graines-legumes-cereales\/poivrons-et-aubergines\/poivrons-doux\/poivron-california-wonder\/","title":{"rendered":"Poivron California Wonder"},"content":{"rendered":"<p>Le poivron volumineux classique. Notre vari\u00e9t\u00e9 de poivron California Wonder a \u00e9t\u00e9 s\u00e9lectionn\u00e9e pour une maturation pr\u00e9coce en ext\u00e9rieur dans notre jardin depuis plus de 15 ans.<\/p>\n<p><strong><em>Environ 20 graines par sachet.<\/em><\/strong><\/p>\n","protected":false},"excerpt":{"rendered":"<p>Le poivron volumineux classique. Notre vari\u00e9t\u00e9 de poivron California Wonder a \u00e9t\u00e9 s\u00e9lectionn\u00e9e pour une maturation pr\u00e9coce en ext\u00e9rieur dans notre jardin depuis plus de 15 ans. Environ 20 graines par sachet.<\/p>\n","protected":false},"featured_media":20629,"comment_status":"closed","ping_status":"closed","template":"","meta":[],"product_brand":[],"product_cat":[227,176],"product_tag":[],"class_list":{"0":"post-20627","1":"product","2":"type-product","3":"status-publish","4":"has-post-thumbnail","6":"product_cat-poivrons-doux","7":"product_cat-varietes-anciennes","8":"product_shipping_class-graines","10":"first","11":"instock","12":"taxable","13":"shipping-taxable","14":"purchasable","15":"product-type-simple"},"_links":{"self":[{"href":"https:\/\/yonderhillfarm.ca\/fr\/wp-json\/wp\/v2\/product\/20627","targetHints":{"allow":["GET"]}}],"collection":[{"href":"https:\/\/yonderhillfarm.ca\/fr\/wp-json\/wp\/v2\/product"}],"about":[{"href":"https:\/\/yonderhillfarm.ca\/fr\/wp-json\/wp\/v2\/types\/product"}],"replies":[{"embeddable":true,"href":"https:\/\/yonderhillfarm.ca\/fr\/wp-json\/wp\/v2\/comments?post=20627"}],"wp:featuredmedia":[{"embeddable":true,"href":"https:\/\/yonderhillfarm.ca\/fr\/wp-json\/wp\/v2\/media\/20629"}],"wp:attachment":[{"href":"https:\/\/yonderhillfarm.ca\/fr\/wp-json\/wp\/v2\/media?parent=20627"}],"wp:term":[{"taxonomy":"product_brand","embeddable":true,"href":"https:\/\/yonderhillfarm.ca\/fr\/wp-json\/wp\/v2\/product_brand?post=20627"},{"taxonomy":"product_cat","embeddable":true,"href":"https:\/\/yonderhillfarm.ca\/fr\/wp-json\/wp\/v2\/product_cat?post=20627"},{"taxonomy":"product_tag","embeddable":true,"href":"https:\/\/yonderhillfarm.ca\/fr\/wp-json\/wp\/v2\/product_tag?post=20627"}],"curies":[{"name":"wp","href":"https:\/\/api.w.org\/{rel}","templated":true}]}}