{"id":20622,"date":"2025-05-05T18:35:40","date_gmt":"2025-05-05T18:35:40","guid":{"rendered":"https:\/\/yonderhillfarm.ca\/shop\/non%20class\u00e9\/piment-boldog-paprika\/"},"modified":"2026-01-02T18:54:18","modified_gmt":"2026-01-02T22:54:18","slug":"piment-boldog-paprika","status":"publish","type":"product","link":"https:\/\/yonderhillfarm.ca\/fr\/shop\/graines-legumes-cereales\/poivrons-et-aubergines\/poivrons-doux\/piment-boldog-paprika\/","title":{"rendered":"Piment Boldog Paprika"},"content":{"rendered":"<p>Porte ses fruits longs \u00e0 peau fine t\u00f4t et abondamment. Les poivrons paprika Boldog s\u00e8chent tr\u00e8s facilement pour produire une poudre de paprika d\u2019un rouge profond, douce et savoureuse. Originaire de Hongrie.  <\/p>\n<p><strong><em>Environ 25 graines par paquet standard. <\/em><\/strong><\/p>\n<p><em><strong>Environ 250 graines par paquet en vrac. <\/strong><\/em><\/p>\n","protected":false},"excerpt":{"rendered":"<p>Porte ses fruits longs \u00e0 peau fine t\u00f4t et abondamment. Les poivrons paprika Boldog s\u00e8chent tr\u00e8s facilement pour produire une poudre de paprika d\u2019un rouge profond, douce et savoureuse. Originaire de Hongrie. Environ 25 graines par paquet standard. Environ 250 graines par paquet en vrac.<\/p>\n","protected":false},"featured_media":20623,"comment_status":"closed","ping_status":"closed","template":"","meta":[],"product_brand":[],"product_cat":[137,227,176],"product_tag":[],"class_list":{"0":"post-20622","1":"product","2":"type-product","3":"status-publish","4":"has-post-thumbnail","6":"product_cat-graines-en-vrac","7":"product_cat-poivrons-doux","8":"product_cat-varietes-anciennes","9":"product_shipping_class-graines","11":"first","12":"instock","13":"taxable","14":"shipping-taxable","15":"purchasable","16":"product-type-variable"},"_links":{"self":[{"href":"https:\/\/yonderhillfarm.ca\/fr\/wp-json\/wp\/v2\/product\/20622","targetHints":{"allow":["GET"]}}],"collection":[{"href":"https:\/\/yonderhillfarm.ca\/fr\/wp-json\/wp\/v2\/product"}],"about":[{"href":"https:\/\/yonderhillfarm.ca\/fr\/wp-json\/wp\/v2\/types\/product"}],"replies":[{"embeddable":true,"href":"https:\/\/yonderhillfarm.ca\/fr\/wp-json\/wp\/v2\/comments?post=20622"}],"wp:featuredmedia":[{"embeddable":true,"href":"https:\/\/yonderhillfarm.ca\/fr\/wp-json\/wp\/v2\/media\/20623"}],"wp:attachment":[{"href":"https:\/\/yonderhillfarm.ca\/fr\/wp-json\/wp\/v2\/media?parent=20622"}],"wp:term":[{"taxonomy":"product_brand","embeddable":true,"href":"https:\/\/yonderhillfarm.ca\/fr\/wp-json\/wp\/v2\/product_brand?post=20622"},{"taxonomy":"product_cat","embeddable":true,"href":"https:\/\/yonderhillfarm.ca\/fr\/wp-json\/wp\/v2\/product_cat?post=20622"},{"taxonomy":"product_tag","embeddable":true,"href":"https:\/\/yonderhillfarm.ca\/fr\/wp-json\/wp\/v2\/product_tag?post=20622"}],"curies":[{"name":"wp","href":"https:\/\/api.w.org\/{rel}","templated":true}]}}