{"id":20616,"date":"2025-05-05T18:36:08","date_gmt":"2025-05-05T18:36:08","guid":{"rendered":"https:\/\/yonderhillfarm.ca\/shop\/non%20class\u00e9\/piment-de-cayenne\/"},"modified":"2026-01-02T19:17:48","modified_gmt":"2026-01-02T23:17:48","slug":"piment-de-cayenne","status":"publish","type":"product","link":"https:\/\/yonderhillfarm.ca\/fr\/shop\/graines-legumes-cereales\/poivrons-et-aubergines\/piments-forts\/piment-de-cayenne\/","title":{"rendered":"Piment de Cayenne"},"content":{"rendered":"<p>Tr\u00e8s fiable. Le piment de Cayenne classique pour les jardiniers maritimes, s\u00e8che facilement. Mais attention, ceux-ci sont dangereux&nbsp;! Les piments rouges fins, effil\u00e9s et l\u00e9g\u00e8rement tordus sont forts et ont une vapeur particuli\u00e8rement puissante. Nous adorons faire une p\u00e2te d\u2019ail au chili avec les abondants piments savoureux.    <\/p>\n<p><strong><em>Environ 25 graines par paquet standard. <\/em><\/strong><\/p>\n<p><em><strong>Environ 250 graines par paquet en vrac. <\/strong><\/em><\/p>\n","protected":false},"excerpt":{"rendered":"<p>Tr\u00e8s fiable. Le piment de Cayenne classique pour les jardiniers maritimes, s\u00e8che facilement. Mais attention, ceux-ci sont dangereux&nbsp;! Les piments rouges fins, effil\u00e9s et l\u00e9g\u00e8rement tordus sont forts et ont une vapeur particuli\u00e8rement puissante. Nous adorons faire une p\u00e2te d\u2019ail au chili avec les abondants piments savoureux. Environ 25 graines par paquet standard. Environ 250 [&hellip;]<\/p>\n","protected":false},"featured_media":20619,"comment_status":"closed","ping_status":"closed","template":"","meta":[],"product_brand":[],"product_cat":[210,137,176],"product_tag":[],"class_list":{"0":"post-20616","1":"product","2":"type-product","3":"status-publish","4":"has-post-thumbnail","6":"product_cat-piments-forts","7":"product_cat-graines-en-vrac","8":"product_cat-varietes-anciennes","9":"product_shipping_class-graines","11":"first","12":"instock","13":"taxable","14":"shipping-taxable","15":"purchasable","16":"product-type-variable"},"_links":{"self":[{"href":"https:\/\/yonderhillfarm.ca\/fr\/wp-json\/wp\/v2\/product\/20616","targetHints":{"allow":["GET"]}}],"collection":[{"href":"https:\/\/yonderhillfarm.ca\/fr\/wp-json\/wp\/v2\/product"}],"about":[{"href":"https:\/\/yonderhillfarm.ca\/fr\/wp-json\/wp\/v2\/types\/product"}],"replies":[{"embeddable":true,"href":"https:\/\/yonderhillfarm.ca\/fr\/wp-json\/wp\/v2\/comments?post=20616"}],"wp:featuredmedia":[{"embeddable":true,"href":"https:\/\/yonderhillfarm.ca\/fr\/wp-json\/wp\/v2\/media\/20619"}],"wp:attachment":[{"href":"https:\/\/yonderhillfarm.ca\/fr\/wp-json\/wp\/v2\/media?parent=20616"}],"wp:term":[{"taxonomy":"product_brand","embeddable":true,"href":"https:\/\/yonderhillfarm.ca\/fr\/wp-json\/wp\/v2\/product_brand?post=20616"},{"taxonomy":"product_cat","embeddable":true,"href":"https:\/\/yonderhillfarm.ca\/fr\/wp-json\/wp\/v2\/product_cat?post=20616"},{"taxonomy":"product_tag","embeddable":true,"href":"https:\/\/yonderhillfarm.ca\/fr\/wp-json\/wp\/v2\/product_tag?post=20616"}],"curies":[{"name":"wp","href":"https:\/\/api.w.org\/{rel}","templated":true}]}}