{"id":20615,"date":"2025-05-05T18:35:40","date_gmt":"2025-05-05T18:35:40","guid":{"rendered":"https:\/\/yonderhillfarm.ca\/shop\/non%20class\u00e9\/piment-fort-criolla-sella\/"},"modified":"2026-01-02T18:54:22","modified_gmt":"2026-01-02T22:54:22","slug":"piment-fort-criolla-sella","status":"publish","type":"product","link":"https:\/\/yonderhillfarm.ca\/fr\/shop\/graines-legumes-cereales\/poivrons-et-aubergines\/piments-forts\/piment-fort-criolla-sella\/","title":{"rendered":"Piment fort Criolla Sella"},"content":{"rendered":"<p><em>(Capsicum baccatum)<\/em> Un superbe piment fort&nbsp;! Un peu moins \u00e9pic\u00e9 que le cayenne, avec une douceur agrume, le piment fort criolla sella est d\u00e9licieux frais et s\u00e8che facilement. Magnifiques piments orange dor\u00e9 de 7,5 cm de long \u00e0 la peau fine. Producteur pr\u00e9coce et prolifique, le criolla sella est originaire de Bolivie et est adapt\u00e9 aux climats temp\u00e9r\u00e9s plus frais, il se comporte donc extr\u00eamement bien en ext\u00e9rieur dans notre climat maritime. Un favori de la ferme&nbsp;!    <\/p>\n<p><strong><em>Environ 25 graines par sachet. <\/em><\/strong><\/p>\n","protected":false},"excerpt":{"rendered":"<p>(Capsicum baccatum) Un superbe piment fort&nbsp;! Un peu moins \u00e9pic\u00e9 que le cayenne, avec une douceur agrume, le piment fort criolla sella est d\u00e9licieux frais et s\u00e8che facilement. Magnifiques piments orange dor\u00e9 de 7,5 cm de long \u00e0 la peau fine. Producteur pr\u00e9coce et prolifique, le criolla sella est originaire de Bolivie et est adapt\u00e9 [&hellip;]<\/p>\n","protected":false},"featured_media":20329,"comment_status":"closed","ping_status":"closed","template":"","meta":[],"product_brand":[],"product_cat":[210,176],"product_tag":[201,187],"class_list":{"0":"post-20615","1":"product","2":"type-product","3":"status-publish","4":"has-post-thumbnail","6":"product_cat-piments-forts","7":"product_cat-varietes-anciennes","8":"product_tag-graines","9":"product_tag-les-favoris-de-la-ferme","10":"product_shipping_class-graines","12":"first","13":"instock","14":"taxable","15":"shipping-taxable","16":"purchasable","17":"product-type-simple"},"_links":{"self":[{"href":"https:\/\/yonderhillfarm.ca\/fr\/wp-json\/wp\/v2\/product\/20615","targetHints":{"allow":["GET"]}}],"collection":[{"href":"https:\/\/yonderhillfarm.ca\/fr\/wp-json\/wp\/v2\/product"}],"about":[{"href":"https:\/\/yonderhillfarm.ca\/fr\/wp-json\/wp\/v2\/types\/product"}],"replies":[{"embeddable":true,"href":"https:\/\/yonderhillfarm.ca\/fr\/wp-json\/wp\/v2\/comments?post=20615"}],"wp:featuredmedia":[{"embeddable":true,"href":"https:\/\/yonderhillfarm.ca\/fr\/wp-json\/wp\/v2\/media\/20329"}],"wp:attachment":[{"href":"https:\/\/yonderhillfarm.ca\/fr\/wp-json\/wp\/v2\/media?parent=20615"}],"wp:term":[{"taxonomy":"product_brand","embeddable":true,"href":"https:\/\/yonderhillfarm.ca\/fr\/wp-json\/wp\/v2\/product_brand?post=20615"},{"taxonomy":"product_cat","embeddable":true,"href":"https:\/\/yonderhillfarm.ca\/fr\/wp-json\/wp\/v2\/product_cat?post=20615"},{"taxonomy":"product_tag","embeddable":true,"href":"https:\/\/yonderhillfarm.ca\/fr\/wp-json\/wp\/v2\/product_tag?post=20615"}],"curies":[{"name":"wp","href":"https:\/\/api.w.org\/{rel}","templated":true}]}}