{"id":20606,"date":"2025-05-05T18:36:39","date_gmt":"2025-05-05T18:36:39","guid":{"rendered":"https:\/\/yonderhillfarm.ca\/shop\/non%20class\u00e9\/aubergine-orange-turque\/"},"modified":"2026-02-08T12:07:51","modified_gmt":"2026-02-08T16:07:51","slug":"aubergine-orange-turque","status":"publish","type":"product","link":"https:\/\/yonderhillfarm.ca\/fr\/shop\/graines-legumes-cereales\/poivrons-et-aubergines\/aubergine\/aubergine-orange-turque\/","title":{"rendered":"Aubergine Orange Turque"},"content":{"rendered":"<p><em><span class=\"ILfuVd\"><span class=\"hgKElc\">((<span lang=\"EN-US\">Solanum aethiopicum<\/span>) <\/span><\/span><\/em><span class=\"ILfuVd\"><span class=\"hgKElc\">L&rsquo;aubergine orange turque<\/span><\/span> est une plante facile \u00e0 cultiver, \u00e0 maturation pr\u00e9coce et un producteur prolifique de petites aubergines rondes (7,5 cm) qui m\u00fbrit en orange. Sa saveur est douce et sucr\u00e9e, id\u00e9ale pour toute recette d&rsquo;aubergines. Ces plantes ont facilement surpass\u00e9 les aubergines \u00e0 plus gros fruits en poids dans notre jardin, ce qui en fait une excellente aubergine pour notre climat maritime. Cueillir les fruits encore verts avec juste une teinte orange pour une meilleure qualit\u00e9 gustative.   <\/p>\n<p><strong><em>Environ 20 graines par sachet. <\/em><\/strong><\/p>\n","protected":false},"excerpt":{"rendered":"<p>((Solanum aethiopicum) L&rsquo;aubergine orange turque est une plante facile \u00e0 cultiver, \u00e0 maturation pr\u00e9coce et un producteur prolifique de petites aubergines rondes (7,5 cm) qui m\u00fbrit en orange. Sa saveur est douce et sucr\u00e9e, id\u00e9ale pour toute recette d&rsquo;aubergines. Ces plantes ont facilement surpass\u00e9 les aubergines \u00e0 plus gros fruits en poids dans notre jardin, [&hellip;]<\/p>\n","protected":false},"featured_media":15885,"comment_status":"closed","ping_status":"closed","template":"","meta":[],"product_brand":[],"product_cat":[205,176],"product_tag":[],"class_list":{"0":"post-20606","1":"product","2":"type-product","3":"status-publish","4":"has-post-thumbnail","6":"product_cat-aubergine","7":"product_cat-varietes-anciennes","8":"product_shipping_class-graines","10":"first","11":"instock","12":"taxable","13":"shipping-taxable","14":"purchasable","15":"product-type-simple"},"_links":{"self":[{"href":"https:\/\/yonderhillfarm.ca\/fr\/wp-json\/wp\/v2\/product\/20606","targetHints":{"allow":["GET"]}}],"collection":[{"href":"https:\/\/yonderhillfarm.ca\/fr\/wp-json\/wp\/v2\/product"}],"about":[{"href":"https:\/\/yonderhillfarm.ca\/fr\/wp-json\/wp\/v2\/types\/product"}],"replies":[{"embeddable":true,"href":"https:\/\/yonderhillfarm.ca\/fr\/wp-json\/wp\/v2\/comments?post=20606"}],"wp:featuredmedia":[{"embeddable":true,"href":"https:\/\/yonderhillfarm.ca\/fr\/wp-json\/wp\/v2\/media\/15885"}],"wp:attachment":[{"href":"https:\/\/yonderhillfarm.ca\/fr\/wp-json\/wp\/v2\/media?parent=20606"}],"wp:term":[{"taxonomy":"product_brand","embeddable":true,"href":"https:\/\/yonderhillfarm.ca\/fr\/wp-json\/wp\/v2\/product_brand?post=20606"},{"taxonomy":"product_cat","embeddable":true,"href":"https:\/\/yonderhillfarm.ca\/fr\/wp-json\/wp\/v2\/product_cat?post=20606"},{"taxonomy":"product_tag","embeddable":true,"href":"https:\/\/yonderhillfarm.ca\/fr\/wp-json\/wp\/v2\/product_tag?post=20606"}],"curies":[{"name":"wp","href":"https:\/\/api.w.org\/{rel}","templated":true}]}}