{"id":20605,"date":"2025-05-05T18:36:07","date_gmt":"2025-05-05T18:36:07","guid":{"rendered":"https:\/\/yonderhillfarm.ca\/shop\/non%20class\u00e9\/piment-fort-aji-crystal\/"},"modified":"2026-01-02T18:50:59","modified_gmt":"2026-01-02T22:50:59","slug":"piment-fort-aji-crystal","status":"publish","type":"product","link":"https:\/\/yonderhillfarm.ca\/fr\/shop\/graines-legumes-cereales\/poivrons-et-aubergines\/piments-forts\/piment-fort-aji-crystal\/","title":{"rendered":"Piment fort Aji Crystal"},"content":{"rendered":"<p><em>(Capsicum baccatum)<\/em> Un autre produit exceptionnel. Les piments forts Aji Crystal commencent vert lime, avec une saveur de lime qui accompagne son piquant d\u00e9licieux ! M\u00fbrissent au rouge, avec la chaleur concentr\u00e9e dans les graines. Production abondante et maturation h\u00e2tive en plein air.   <\/p>\n<p><strong><em>Environ 25 graines par paquet standard. <\/em><\/strong><\/p>\n<p><em><strong>Environ 250 graines par paquet en vrac. <\/strong><\/em><\/p>\n","protected":false},"excerpt":{"rendered":"<p>(Capsicum baccatum) Un autre produit exceptionnel. Les piments forts Aji Crystal commencent vert lime, avec une saveur de lime qui accompagne son piquant d\u00e9licieux ! M\u00fbrissent au rouge, avec la chaleur concentr\u00e9e dans les graines. Production abondante et maturation h\u00e2tive en plein air. Environ 25 graines par paquet standard. Environ 250 graines par paquet en [&hellip;]<\/p>\n","protected":false},"featured_media":15643,"comment_status":"closed","ping_status":"closed","template":"","meta":[],"product_brand":[],"product_cat":[137,210,176],"product_tag":[187],"class_list":{"0":"post-20605","1":"product","2":"type-product","3":"status-publish","4":"has-post-thumbnail","6":"product_cat-graines-en-vrac","7":"product_cat-piments-forts","8":"product_cat-varietes-anciennes","9":"product_tag-les-favoris-de-la-ferme","10":"product_shipping_class-graines","12":"first","13":"instock","14":"taxable","15":"shipping-taxable","16":"purchasable","17":"product-type-variable"},"_links":{"self":[{"href":"https:\/\/yonderhillfarm.ca\/fr\/wp-json\/wp\/v2\/product\/20605","targetHints":{"allow":["GET"]}}],"collection":[{"href":"https:\/\/yonderhillfarm.ca\/fr\/wp-json\/wp\/v2\/product"}],"about":[{"href":"https:\/\/yonderhillfarm.ca\/fr\/wp-json\/wp\/v2\/types\/product"}],"replies":[{"embeddable":true,"href":"https:\/\/yonderhillfarm.ca\/fr\/wp-json\/wp\/v2\/comments?post=20605"}],"wp:featuredmedia":[{"embeddable":true,"href":"https:\/\/yonderhillfarm.ca\/fr\/wp-json\/wp\/v2\/media\/15643"}],"wp:attachment":[{"href":"https:\/\/yonderhillfarm.ca\/fr\/wp-json\/wp\/v2\/media?parent=20605"}],"wp:term":[{"taxonomy":"product_brand","embeddable":true,"href":"https:\/\/yonderhillfarm.ca\/fr\/wp-json\/wp\/v2\/product_brand?post=20605"},{"taxonomy":"product_cat","embeddable":true,"href":"https:\/\/yonderhillfarm.ca\/fr\/wp-json\/wp\/v2\/product_cat?post=20605"},{"taxonomy":"product_tag","embeddable":true,"href":"https:\/\/yonderhillfarm.ca\/fr\/wp-json\/wp\/v2\/product_tag?post=20605"}],"curies":[{"name":"wp","href":"https:\/\/api.w.org\/{rel}","templated":true}]}}