{"id":20601,"date":"2025-05-05T18:36:08","date_gmt":"2025-05-05T18:36:08","guid":{"rendered":"https:\/\/yonderhillfarm.ca\/shop\/non%20class\u00e9\/piment-hungarian-hot-wax\/"},"modified":"2026-01-02T17:30:24","modified_gmt":"2026-01-02T21:30:24","slug":"piment-hungarian-hot-wax","status":"publish","type":"product","link":"https:\/\/yonderhillfarm.ca\/fr\/shop\/graines-legumes-cereales\/poivrons-et-aubergines\/piments-forts\/piment-hungarian-hot-wax\/","title":{"rendered":"Piment Hungarian Hot Wax"},"content":{"rendered":"<p>Le piment banane classique avec un piquant moyennement fort, le piment Hungarian Hot Wax m\u00fbrit du jaune au rouge et est d\u00e9licieusement \u00e9pic\u00e9 \u00e0 tous les stades.<\/p>\n<p><strong><em>Environ 25 graines par paquet.<\/em><\/strong><\/p>\n","protected":false},"excerpt":{"rendered":"<p>Le piment banane classique avec un piquant moyennement fort, le piment Hungarian Hot Wax m\u00fbrit du jaune au rouge et est d\u00e9licieusement \u00e9pic\u00e9 \u00e0 tous les stades. Environ 25 graines par paquet.<\/p>\n","protected":false},"featured_media":20603,"comment_status":"closed","ping_status":"closed","template":"","meta":[],"product_brand":[],"product_cat":[210,176],"product_tag":[],"class_list":{"0":"post-20601","1":"product","2":"type-product","3":"status-publish","4":"has-post-thumbnail","6":"product_cat-piments-forts","7":"product_cat-varietes-anciennes","8":"product_shipping_class-graines","10":"first","11":"instock","12":"taxable","13":"shipping-taxable","14":"purchasable","15":"product-type-simple"},"_links":{"self":[{"href":"https:\/\/yonderhillfarm.ca\/fr\/wp-json\/wp\/v2\/product\/20601","targetHints":{"allow":["GET"]}}],"collection":[{"href":"https:\/\/yonderhillfarm.ca\/fr\/wp-json\/wp\/v2\/product"}],"about":[{"href":"https:\/\/yonderhillfarm.ca\/fr\/wp-json\/wp\/v2\/types\/product"}],"replies":[{"embeddable":true,"href":"https:\/\/yonderhillfarm.ca\/fr\/wp-json\/wp\/v2\/comments?post=20601"}],"wp:featuredmedia":[{"embeddable":true,"href":"https:\/\/yonderhillfarm.ca\/fr\/wp-json\/wp\/v2\/media\/20603"}],"wp:attachment":[{"href":"https:\/\/yonderhillfarm.ca\/fr\/wp-json\/wp\/v2\/media?parent=20601"}],"wp:term":[{"taxonomy":"product_brand","embeddable":true,"href":"https:\/\/yonderhillfarm.ca\/fr\/wp-json\/wp\/v2\/product_brand?post=20601"},{"taxonomy":"product_cat","embeddable":true,"href":"https:\/\/yonderhillfarm.ca\/fr\/wp-json\/wp\/v2\/product_cat?post=20601"},{"taxonomy":"product_tag","embeddable":true,"href":"https:\/\/yonderhillfarm.ca\/fr\/wp-json\/wp\/v2\/product_tag?post=20601"}],"curies":[{"name":"wp","href":"https:\/\/api.w.org\/{rel}","templated":true}]}}