{"id":20597,"date":"2025-05-05T18:36:08","date_gmt":"2025-05-05T18:36:08","guid":{"rendered":"https:\/\/yonderhillfarm.ca\/shop\/non%20class\u00e9\/piment-jalapeno-precoce\/"},"modified":"2026-02-08T12:07:51","modified_gmt":"2026-02-08T16:07:51","slug":"piment-jalapeno-precoce","status":"publish","type":"product","link":"https:\/\/yonderhillfarm.ca\/fr\/shop\/graines-legumes-cereales\/poivrons-et-aubergines\/piments-forts\/piment-jalapeno-precoce\/","title":{"rendered":"Piment Jalape\u00f1o Pr\u00e9coce"},"content":{"rendered":"<p>Saveur \u00e9pic\u00e9e classique de piments verts brillants qui m\u00fbrissent en rouge. Le piment jalape\u00f1o pr\u00e9coce est un grand producteur sur lequel vous pouvez compter. <\/p>\n<p><strong><em>Environ 25 graines par sachet. <\/em><\/strong><\/p>\n","protected":false},"excerpt":{"rendered":"<p>Saveur \u00e9pic\u00e9e classique de piments verts brillants qui m\u00fbrissent en rouge. Le piment jalape\u00f1o pr\u00e9coce est un grand producteur sur lequel vous pouvez compter. Environ 25 graines par sachet.<\/p>\n","protected":false},"featured_media":20599,"comment_status":"closed","ping_status":"closed","template":"","meta":[],"product_brand":[],"product_cat":[210,176],"product_tag":[],"class_list":{"0":"post-20597","1":"product","2":"type-product","3":"status-publish","4":"has-post-thumbnail","6":"product_cat-piments-forts","7":"product_cat-varietes-anciennes","8":"product_shipping_class-graines","10":"first","11":"instock","12":"taxable","13":"shipping-taxable","14":"purchasable","15":"product-type-simple"},"_links":{"self":[{"href":"https:\/\/yonderhillfarm.ca\/fr\/wp-json\/wp\/v2\/product\/20597","targetHints":{"allow":["GET"]}}],"collection":[{"href":"https:\/\/yonderhillfarm.ca\/fr\/wp-json\/wp\/v2\/product"}],"about":[{"href":"https:\/\/yonderhillfarm.ca\/fr\/wp-json\/wp\/v2\/types\/product"}],"replies":[{"embeddable":true,"href":"https:\/\/yonderhillfarm.ca\/fr\/wp-json\/wp\/v2\/comments?post=20597"}],"wp:featuredmedia":[{"embeddable":true,"href":"https:\/\/yonderhillfarm.ca\/fr\/wp-json\/wp\/v2\/media\/20599"}],"wp:attachment":[{"href":"https:\/\/yonderhillfarm.ca\/fr\/wp-json\/wp\/v2\/media?parent=20597"}],"wp:term":[{"taxonomy":"product_brand","embeddable":true,"href":"https:\/\/yonderhillfarm.ca\/fr\/wp-json\/wp\/v2\/product_brand?post=20597"},{"taxonomy":"product_cat","embeddable":true,"href":"https:\/\/yonderhillfarm.ca\/fr\/wp-json\/wp\/v2\/product_cat?post=20597"},{"taxonomy":"product_tag","embeddable":true,"href":"https:\/\/yonderhillfarm.ca\/fr\/wp-json\/wp\/v2\/product_tag?post=20597"}],"curies":[{"name":"wp","href":"https:\/\/api.w.org\/{rel}","templated":true}]}}