{"id":20596,"date":"2025-05-05T18:36:39","date_gmt":"2025-05-05T18:36:39","guid":{"rendered":"https:\/\/yonderhillfarm.ca\/shop\/non%20class\u00e9\/oignon-botte-franz\/"},"modified":"2026-02-08T12:07:51","modified_gmt":"2026-02-08T16:07:51","slug":"oignon-botte-franz","status":"publish","type":"product","link":"https:\/\/yonderhillfarm.ca\/fr\/shop\/graines-legumes-cereales\/plantes-racines\/oignons\/oignon-botte-franz\/","title":{"rendered":"Oignon botte Franz"},"content":{"rendered":"<p>L&rsquo;oignon Bunching Franz (<em>Allium fistulosum<\/em>) pousse en touffes dress\u00e9es et vigoureuses. Rustique dans notre jardin ext\u00e9rieur non prot\u00e9g\u00e9, il hiverne pour des r\u00e9coltes de d\u00e9but de printemps. Apr\u00e8s avoir pass\u00e9 quelques ann\u00e9es \u00e0 agrandir notre parcelle, nous sommes ravis de pouvoir vous offrir cet excellent oignonBunching !  <\/p>\n<p><strong><em>Environ 80 graines par sachet. <\/em><\/strong><\/p>\n","protected":false},"excerpt":{"rendered":"<p>L&rsquo;oignon Bunching Franz (Allium fistulosum) pousse en touffes dress\u00e9es et vigoureuses. Rustique dans notre jardin ext\u00e9rieur non prot\u00e9g\u00e9, il hiverne pour des r\u00e9coltes de d\u00e9but de printemps. Apr\u00e8s avoir pass\u00e9 quelques ann\u00e9es \u00e0 agrandir notre parcelle, nous sommes ravis de pouvoir vous offrir cet excellent oignonBunching ! Environ 80 graines par sachet.<\/p>\n","protected":false},"featured_media":20598,"comment_status":"closed","ping_status":"closed","template":"","meta":[],"product_brand":[],"product_cat":[180,219,176],"product_tag":[],"class_list":{"0":"post-20596","1":"product","2":"type-product","3":"status-publish","4":"has-post-thumbnail","6":"product_cat-legumes-vivaces","7":"product_cat-oignons","8":"product_cat-varietes-anciennes","9":"product_shipping_class-graines","11":"first","12":"instock","13":"taxable","14":"shipping-taxable","15":"purchasable","16":"product-type-simple"},"_links":{"self":[{"href":"https:\/\/yonderhillfarm.ca\/fr\/wp-json\/wp\/v2\/product\/20596","targetHints":{"allow":["GET"]}}],"collection":[{"href":"https:\/\/yonderhillfarm.ca\/fr\/wp-json\/wp\/v2\/product"}],"about":[{"href":"https:\/\/yonderhillfarm.ca\/fr\/wp-json\/wp\/v2\/types\/product"}],"replies":[{"embeddable":true,"href":"https:\/\/yonderhillfarm.ca\/fr\/wp-json\/wp\/v2\/comments?post=20596"}],"wp:featuredmedia":[{"embeddable":true,"href":"https:\/\/yonderhillfarm.ca\/fr\/wp-json\/wp\/v2\/media\/20598"}],"wp:attachment":[{"href":"https:\/\/yonderhillfarm.ca\/fr\/wp-json\/wp\/v2\/media?parent=20596"}],"wp:term":[{"taxonomy":"product_brand","embeddable":true,"href":"https:\/\/yonderhillfarm.ca\/fr\/wp-json\/wp\/v2\/product_brand?post=20596"},{"taxonomy":"product_cat","embeddable":true,"href":"https:\/\/yonderhillfarm.ca\/fr\/wp-json\/wp\/v2\/product_cat?post=20596"},{"taxonomy":"product_tag","embeddable":true,"href":"https:\/\/yonderhillfarm.ca\/fr\/wp-json\/wp\/v2\/product_tag?post=20596"}],"curies":[{"name":"wp","href":"https:\/\/api.w.org\/{rel}","templated":true}]}}