{"id":20593,"date":"2025-05-05T18:36:39","date_gmt":"2025-05-05T18:36:39","guid":{"rendered":"https:\/\/yonderhillfarm.ca\/shop\/non%20class\u00e9\/carotte-nantaise-ecarlate\/"},"modified":"2026-01-02T21:26:18","modified_gmt":"2026-01-03T01:26:18","slug":"carotte-nantaise-ecarlate","status":"publish","type":"product","link":"https:\/\/yonderhillfarm.ca\/fr\/shop\/graines-legumes-cereales\/plantes-racines\/carottes\/carotte-nantaise-ecarlate\/","title":{"rendered":"Carotte Nantaise \u00c9carlate"},"content":{"rendered":"<p>Notre carotte polyvalente pr\u00e9f\u00e9r\u00e9e&nbsp;! La carotte nantaise \u00e9carlate est sucr\u00e9e, croquante et d&rsquo;un orange vif avec peu de c\u0153ur. Semez-la au d\u00e9but du printemps pour des r\u00e9coltes estivales de carottes \u00e0 grignoter ou semez-la de mi-juin \u00e0 fin juin pour une r\u00e9colte d&rsquo;hiver. <\/p>\n<p><strong><em>Environ 50 graines par sachet.<\/em><\/strong><em>Remarque&nbsp;: les graines de carotte sont parmi les plus difficiles \u00e0 nettoyer \u00e0 la main &#8211; attendez-vous \u00e0 une petite quantit\u00e9 de menue paille dans le sachet de graines.<\/em><\/p>\n","protected":false},"excerpt":{"rendered":"<p>Notre carotte polyvalente pr\u00e9f\u00e9r\u00e9e&nbsp;! La carotte nantaise \u00e9carlate est sucr\u00e9e, croquante et d&rsquo;un orange vif avec peu de c\u0153ur. Semez-la au d\u00e9but du printemps pour des r\u00e9coltes estivales de carottes \u00e0 grignoter ou semez-la de mi-juin \u00e0 fin juin pour une r\u00e9colte d&rsquo;hiver. Environ 50 graines par sachet.Remarque&nbsp;: les graines de carotte sont parmi les [&hellip;]<\/p>\n","protected":false},"featured_media":15753,"comment_status":"closed","ping_status":"closed","template":"","meta":[],"product_brand":[],"product_cat":[226,181,176],"product_tag":[187],"class_list":{"0":"post-20593","1":"product","2":"type-product","3":"status-publish","4":"has-post-thumbnail","6":"product_cat-carottes","7":"product_cat-plantes-racines","8":"product_cat-varietes-anciennes","9":"product_tag-les-favoris-de-la-ferme","10":"product_shipping_class-graines","12":"first","13":"instock","14":"taxable","15":"shipping-taxable","16":"purchasable","17":"product-type-simple"},"_links":{"self":[{"href":"https:\/\/yonderhillfarm.ca\/fr\/wp-json\/wp\/v2\/product\/20593","targetHints":{"allow":["GET"]}}],"collection":[{"href":"https:\/\/yonderhillfarm.ca\/fr\/wp-json\/wp\/v2\/product"}],"about":[{"href":"https:\/\/yonderhillfarm.ca\/fr\/wp-json\/wp\/v2\/types\/product"}],"replies":[{"embeddable":true,"href":"https:\/\/yonderhillfarm.ca\/fr\/wp-json\/wp\/v2\/comments?post=20593"}],"wp:featuredmedia":[{"embeddable":true,"href":"https:\/\/yonderhillfarm.ca\/fr\/wp-json\/wp\/v2\/media\/15753"}],"wp:attachment":[{"href":"https:\/\/yonderhillfarm.ca\/fr\/wp-json\/wp\/v2\/media?parent=20593"}],"wp:term":[{"taxonomy":"product_brand","embeddable":true,"href":"https:\/\/yonderhillfarm.ca\/fr\/wp-json\/wp\/v2\/product_brand?post=20593"},{"taxonomy":"product_cat","embeddable":true,"href":"https:\/\/yonderhillfarm.ca\/fr\/wp-json\/wp\/v2\/product_cat?post=20593"},{"taxonomy":"product_tag","embeddable":true,"href":"https:\/\/yonderhillfarm.ca\/fr\/wp-json\/wp\/v2\/product_tag?post=20593"}],"curies":[{"name":"wp","href":"https:\/\/api.w.org\/{rel}","templated":true}]}}