{"id":20592,"date":"2025-05-05T18:36:40","date_gmt":"2025-05-05T18:36:40","guid":{"rendered":"https:\/\/yonderhillfarm.ca\/shop\/non%20class\u00e9\/radis-french-breakfast\/"},"modified":"2026-01-02T21:09:28","modified_gmt":"2026-01-03T01:09:28","slug":"radis-french-breakfast","status":"publish","type":"product","link":"https:\/\/yonderhillfarm.ca\/fr\/shop\/graines-legumes-cereales\/plantes-racines\/radis\/radis-french-breakfast\/","title":{"rendered":"Radis French Breakfast"},"content":{"rendered":"<p>Notre radis d&rsquo;\u00e9t\u00e9 pr\u00e9f\u00e9r\u00e9, les racines du radis French Breakfast mesurent 10 cm de long et sont rouges avec une pointe blanche. Sa saveur est douce et l\u00e9g\u00e8rement \u00e9pic\u00e9e, avec une texture croquante. Semez les graines directement au d\u00e9but du printemps pour une meilleure r\u00e9colte.  <\/p>\n<p><em><strong>Environ 100 graines par sachet. <\/strong><\/em><\/p>\n","protected":false},"excerpt":{"rendered":"<p>Notre radis d&rsquo;\u00e9t\u00e9 pr\u00e9f\u00e9r\u00e9, les racines du radis French Breakfast mesurent 10 cm de long et sont rouges avec une pointe blanche. Sa saveur est douce et l\u00e9g\u00e8rement \u00e9pic\u00e9e, avec une texture croquante. Semez les graines directement au d\u00e9but du printemps pour une meilleure r\u00e9colte. Environ 100 graines par sachet.<\/p>\n","protected":false},"featured_media":15894,"comment_status":"closed","ping_status":"closed","template":"","meta":[],"product_brand":[],"product_cat":[225,176],"product_tag":[],"class_list":{"0":"post-20592","1":"product","2":"type-product","3":"status-publish","4":"has-post-thumbnail","6":"product_cat-radis","7":"product_cat-varietes-anciennes","8":"product_shipping_class-graines","10":"first","11":"instock","12":"taxable","13":"shipping-taxable","14":"purchasable","15":"product-type-simple"},"_links":{"self":[{"href":"https:\/\/yonderhillfarm.ca\/fr\/wp-json\/wp\/v2\/product\/20592","targetHints":{"allow":["GET"]}}],"collection":[{"href":"https:\/\/yonderhillfarm.ca\/fr\/wp-json\/wp\/v2\/product"}],"about":[{"href":"https:\/\/yonderhillfarm.ca\/fr\/wp-json\/wp\/v2\/types\/product"}],"replies":[{"embeddable":true,"href":"https:\/\/yonderhillfarm.ca\/fr\/wp-json\/wp\/v2\/comments?post=20592"}],"wp:featuredmedia":[{"embeddable":true,"href":"https:\/\/yonderhillfarm.ca\/fr\/wp-json\/wp\/v2\/media\/15894"}],"wp:attachment":[{"href":"https:\/\/yonderhillfarm.ca\/fr\/wp-json\/wp\/v2\/media?parent=20592"}],"wp:term":[{"taxonomy":"product_brand","embeddable":true,"href":"https:\/\/yonderhillfarm.ca\/fr\/wp-json\/wp\/v2\/product_brand?post=20592"},{"taxonomy":"product_cat","embeddable":true,"href":"https:\/\/yonderhillfarm.ca\/fr\/wp-json\/wp\/v2\/product_cat?post=20592"},{"taxonomy":"product_tag","embeddable":true,"href":"https:\/\/yonderhillfarm.ca\/fr\/wp-json\/wp\/v2\/product_tag?post=20592"}],"curies":[{"name":"wp","href":"https:\/\/api.w.org\/{rel}","templated":true}]}}