{"id":20587,"date":"2025-05-05T18:36:40","date_gmt":"2025-05-05T18:36:40","guid":{"rendered":"https:\/\/yonderhillfarm.ca\/shop\/non%20class\u00e9\/radis-daikon-miyashige\/"},"modified":"2026-02-17T10:37:07","modified_gmt":"2026-02-17T14:37:07","slug":"radis-daikon-miyashige","status":"publish","type":"product","link":"https:\/\/yonderhillfarm.ca\/fr\/shop\/graines-legumes-cereales\/plantes-racines\/radis\/radis-daikon-miyashige\/","title":{"rendered":"Radis Daikon Miyashige"},"content":{"rendered":"<p>Un daikon rare \u00e0 pollinisation libre ! Nous adorons le radis daikon Miyashige lacto-ferment\u00e9 dans le kimchi ou r\u00e2p\u00e9 cru dans les salades. Se conserve bien pendant l&rsquo;hiver. Attendez d\u00e9but juillet pour les planter (et tout radis de conservation d&rsquo;ailleurs) ; si vous les plantez plus t\u00f4t, ils monteront en graines et ne grossiront jamais.   <\/p>\n<p><strong><em>Environ 100 graines par sachet.  <\/em><\/strong><\/p>\n","protected":false},"excerpt":{"rendered":"<p>Un daikon rare \u00e0 pollinisation libre ! Nous adorons le radis daikon Miyashige lacto-ferment\u00e9 dans le kimchi ou r\u00e2p\u00e9 cru dans les salades. Se conserve bien pendant l&rsquo;hiver. Attendez d\u00e9but juillet pour les planter (et tout radis de conservation d&rsquo;ailleurs) ; si vous les plantez plus t\u00f4t, ils monteront en graines et ne grossiront jamais. [&hellip;]<\/p>\n","protected":false},"featured_media":20590,"comment_status":"closed","ping_status":"closed","template":"","meta":[],"product_brand":[],"product_cat":[225,176],"product_tag":[],"class_list":{"0":"post-20587","1":"product","2":"type-product","3":"status-publish","4":"has-post-thumbnail","6":"product_cat-radis","7":"product_cat-varietes-anciennes","8":"product_shipping_class-graines","10":"first","11":"outofstock","12":"taxable","13":"shipping-taxable","14":"purchasable","15":"product-type-simple"},"_links":{"self":[{"href":"https:\/\/yonderhillfarm.ca\/fr\/wp-json\/wp\/v2\/product\/20587","targetHints":{"allow":["GET"]}}],"collection":[{"href":"https:\/\/yonderhillfarm.ca\/fr\/wp-json\/wp\/v2\/product"}],"about":[{"href":"https:\/\/yonderhillfarm.ca\/fr\/wp-json\/wp\/v2\/types\/product"}],"replies":[{"embeddable":true,"href":"https:\/\/yonderhillfarm.ca\/fr\/wp-json\/wp\/v2\/comments?post=20587"}],"wp:featuredmedia":[{"embeddable":true,"href":"https:\/\/yonderhillfarm.ca\/fr\/wp-json\/wp\/v2\/media\/20590"}],"wp:attachment":[{"href":"https:\/\/yonderhillfarm.ca\/fr\/wp-json\/wp\/v2\/media?parent=20587"}],"wp:term":[{"taxonomy":"product_brand","embeddable":true,"href":"https:\/\/yonderhillfarm.ca\/fr\/wp-json\/wp\/v2\/product_brand?post=20587"},{"taxonomy":"product_cat","embeddable":true,"href":"https:\/\/yonderhillfarm.ca\/fr\/wp-json\/wp\/v2\/product_cat?post=20587"},{"taxonomy":"product_tag","embeddable":true,"href":"https:\/\/yonderhillfarm.ca\/fr\/wp-json\/wp\/v2\/product_tag?post=20587"}],"curies":[{"name":"wp","href":"https:\/\/api.w.org\/{rel}","templated":true}]}}