{"id":20575,"date":"2025-05-05T18:36:40","date_gmt":"2025-05-05T18:36:40","guid":{"rendered":"https:\/\/yonderhillfarm.ca\/shop\/non%20class\u00e9\/panais-hollow-crown\/"},"modified":"2026-01-02T21:11:55","modified_gmt":"2026-01-03T01:11:55","slug":"panais-hollow-crown","status":"publish","type":"product","link":"https:\/\/yonderhillfarm.ca\/fr\/shop\/graines-legumes-cereales\/plantes-racines\/panais\/panais-hollow-crown\/","title":{"rendered":"Panais Hollow Crown"},"content":{"rendered":"<p>La Hollow Crown, l&rsquo;une des plus anciennes vari\u00e9t\u00e9s de panais, reste difficile \u00e0 surpasser. Racines blanches longues, effil\u00e9es, au go\u00fbt doux et de noisette. Bien que la culture des panais prenne une longue saison, ils sont relativement faciles \u00e0 entretenir une fois que les plantes sont plus grandes que les mauvaises herbes environnantes et \u00e9claircies \u00e0 5-7 cm d&rsquo;intervalle. Nous aimons en laisser la plupart en terre jusqu&rsquo;\u00e0 la fin de l&rsquo;hiver\/d\u00e9but du printemps, puis les d\u00e9terrer pour profiter de leur saveur extra sucr\u00e9e.   <\/p>\n<p><strong><em>Nous interrompons la production de graines de panais pour l&rsquo;avenir pr\u00e9visible. Si vous \u00eates int\u00e9ress\u00e9 par des vieilles graines de panais gratuites (germination inconnue), faites-le nous savoir et nous serons heureux d&rsquo;en ajouter \u00e0 votre commande. <\/em><\/strong><\/p>\n<p>&nbsp;<\/p>\n","protected":false},"excerpt":{"rendered":"<p>La Hollow Crown, l&rsquo;une des plus anciennes vari\u00e9t\u00e9s de panais, reste difficile \u00e0 surpasser. Racines blanches longues, effil\u00e9es, au go\u00fbt doux et de noisette. Bien que la culture des panais prenne une longue saison, ils sont relativement faciles \u00e0 entretenir une fois que les plantes sont plus grandes que les mauvaises herbes environnantes et \u00e9claircies [&hellip;]<\/p>\n","protected":false},"featured_media":20582,"comment_status":"closed","ping_status":"closed","template":"","meta":[],"product_brand":[],"product_cat":[224,176],"product_tag":[],"class_list":{"0":"post-20575","1":"product","2":"type-product","3":"status-publish","4":"has-post-thumbnail","6":"product_cat-panais","7":"product_cat-varietes-anciennes","8":"product_shipping_class-graines","10":"first","11":"outofstock","12":"taxable","13":"shipping-taxable","14":"product-type-simple"},"_links":{"self":[{"href":"https:\/\/yonderhillfarm.ca\/fr\/wp-json\/wp\/v2\/product\/20575","targetHints":{"allow":["GET"]}}],"collection":[{"href":"https:\/\/yonderhillfarm.ca\/fr\/wp-json\/wp\/v2\/product"}],"about":[{"href":"https:\/\/yonderhillfarm.ca\/fr\/wp-json\/wp\/v2\/types\/product"}],"replies":[{"embeddable":true,"href":"https:\/\/yonderhillfarm.ca\/fr\/wp-json\/wp\/v2\/comments?post=20575"}],"wp:featuredmedia":[{"embeddable":true,"href":"https:\/\/yonderhillfarm.ca\/fr\/wp-json\/wp\/v2\/media\/20582"}],"wp:attachment":[{"href":"https:\/\/yonderhillfarm.ca\/fr\/wp-json\/wp\/v2\/media?parent=20575"}],"wp:term":[{"taxonomy":"product_brand","embeddable":true,"href":"https:\/\/yonderhillfarm.ca\/fr\/wp-json\/wp\/v2\/product_brand?post=20575"},{"taxonomy":"product_cat","embeddable":true,"href":"https:\/\/yonderhillfarm.ca\/fr\/wp-json\/wp\/v2\/product_cat?post=20575"},{"taxonomy":"product_tag","embeddable":true,"href":"https:\/\/yonderhillfarm.ca\/fr\/wp-json\/wp\/v2\/product_tag?post=20575"}],"curies":[{"name":"wp","href":"https:\/\/api.w.org\/{rel}","templated":true}]}}