{"id":20574,"date":"2025-05-05T18:36:40","date_gmt":"2025-05-05T18:36:40","guid":{"rendered":"https:\/\/yonderhillfarm.ca\/shop\/non%20class\u00e9\/poireau-bleu-de-solaize\/"},"modified":"2026-01-17T10:52:00","modified_gmt":"2026-01-17T14:52:00","slug":"poireau-bleu-de-solaize","status":"publish","type":"product","link":"https:\/\/yonderhillfarm.ca\/fr\/shop\/graines-legumes-cereales\/plantes-racines\/poireaux\/poireau-bleu-de-solaize\/","title":{"rendered":"Poireau Bleu de Solaize"},"content":{"rendered":"<p>Le poireau Bleu de Solaize est une vari\u00e9t\u00e9 fran\u00e7aise ancienne pour le stockage hivernal avec des feuilles bleu-vert. Sto\u00efque, fiable et tellement photog\u00e9nique. <\/p>\n<p><strong><em>Environ 50 graines par paquet standard. <\/em><\/strong><\/p>\n<p><em><strong>Environ 500 graines par grand sachet. <\/strong><\/em><\/p>\n","protected":false},"excerpt":{"rendered":"<p>Le poireau Bleu de Solaize est une vari\u00e9t\u00e9 fran\u00e7aise ancienne pour le stockage hivernal avec des feuilles bleu-vert. Sto\u00efque, fiable et tellement photog\u00e9nique. Environ 50 graines par paquet standard. Environ 500 graines par grand sachet.<\/p>\n","protected":false},"featured_media":15892,"comment_status":"closed","ping_status":"closed","template":"","meta":[],"product_brand":[],"product_cat":[223,176],"product_tag":[187],"class_list":{"0":"post-20574","1":"product","2":"type-product","3":"status-publish","4":"has-post-thumbnail","6":"product_cat-poireaux","7":"product_cat-varietes-anciennes","8":"product_tag-les-favoris-de-la-ferme","9":"product_shipping_class-graines","11":"first","12":"instock","13":"taxable","14":"shipping-taxable","15":"purchasable","16":"product-type-simple"},"_links":{"self":[{"href":"https:\/\/yonderhillfarm.ca\/fr\/wp-json\/wp\/v2\/product\/20574","targetHints":{"allow":["GET"]}}],"collection":[{"href":"https:\/\/yonderhillfarm.ca\/fr\/wp-json\/wp\/v2\/product"}],"about":[{"href":"https:\/\/yonderhillfarm.ca\/fr\/wp-json\/wp\/v2\/types\/product"}],"replies":[{"embeddable":true,"href":"https:\/\/yonderhillfarm.ca\/fr\/wp-json\/wp\/v2\/comments?post=20574"}],"wp:featuredmedia":[{"embeddable":true,"href":"https:\/\/yonderhillfarm.ca\/fr\/wp-json\/wp\/v2\/media\/15892"}],"wp:attachment":[{"href":"https:\/\/yonderhillfarm.ca\/fr\/wp-json\/wp\/v2\/media?parent=20574"}],"wp:term":[{"taxonomy":"product_brand","embeddable":true,"href":"https:\/\/yonderhillfarm.ca\/fr\/wp-json\/wp\/v2\/product_brand?post=20574"},{"taxonomy":"product_cat","embeddable":true,"href":"https:\/\/yonderhillfarm.ca\/fr\/wp-json\/wp\/v2\/product_cat?post=20574"},{"taxonomy":"product_tag","embeddable":true,"href":"https:\/\/yonderhillfarm.ca\/fr\/wp-json\/wp\/v2\/product_tag?post=20574"}],"curies":[{"name":"wp","href":"https:\/\/api.w.org\/{rel}","templated":true}]}}