{"id":20570,"date":"2025-05-05T18:36:40","date_gmt":"2025-05-05T18:36:40","guid":{"rendered":"https:\/\/yonderhillfarm.ca\/shop\/non%20class\u00e9\/navet-gold-ball\/"},"modified":"2026-01-02T21:17:14","modified_gmt":"2026-01-03T01:17:14","slug":"navet-gold-ball","status":"publish","type":"product","link":"https:\/\/yonderhillfarm.ca\/fr\/shop\/graines-legumes-cereales\/plantes-racines\/navets-et-rutabagas\/navet-gold-ball\/","title":{"rendered":"Navet Gold Ball"},"content":{"rendered":"<p>(<em>B. rapa)<\/em> Peau jaune lisse et chair dor\u00e9e. Un vrai navet, \u00e0 planter de pr\u00e9f\u00e9rence fin juin ou en juillet si cultiv\u00e9 pour le stockage. Le navet boule d&rsquo;or se conserve tr\u00e8s bien et, cueilli jeune \u00e0 7,5 cm, c&rsquo;est un navet \u00e0 salade tendre et sucr\u00e9. Un favori de la ferme&nbsp;!   <\/p>\n<p><strong><em>Environ 200 graines par paquet. <\/em><\/strong><\/p>\n","protected":false},"excerpt":{"rendered":"<p>(B. rapa) Peau jaune lisse et chair dor\u00e9e. Un vrai navet, \u00e0 planter de pr\u00e9f\u00e9rence fin juin ou en juillet si cultiv\u00e9 pour le stockage. Le navet boule d&rsquo;or se conserve tr\u00e8s bien et, cueilli jeune \u00e0 7,5 cm, c&rsquo;est un navet \u00e0 salade tendre et sucr\u00e9. Un favori de la ferme&nbsp;! Environ 200 graines [&hellip;]<\/p>\n","protected":false},"featured_media":20573,"comment_status":"closed","ping_status":"closed","template":"","meta":[],"product_brand":[],"product_cat":[222,164,176],"product_tag":[187],"class_list":{"0":"post-20570","1":"product","2":"type-product","3":"status-publish","4":"has-post-thumbnail","6":"product_cat-navets-et-rutabagas","7":"product_cat-nouveautes-et-reassort","8":"product_cat-varietes-anciennes","9":"product_tag-les-favoris-de-la-ferme","10":"product_shipping_class-graines","12":"first","13":"instock","14":"taxable","15":"shipping-taxable","16":"purchasable","17":"product-type-simple"},"_links":{"self":[{"href":"https:\/\/yonderhillfarm.ca\/fr\/wp-json\/wp\/v2\/product\/20570","targetHints":{"allow":["GET"]}}],"collection":[{"href":"https:\/\/yonderhillfarm.ca\/fr\/wp-json\/wp\/v2\/product"}],"about":[{"href":"https:\/\/yonderhillfarm.ca\/fr\/wp-json\/wp\/v2\/types\/product"}],"replies":[{"embeddable":true,"href":"https:\/\/yonderhillfarm.ca\/fr\/wp-json\/wp\/v2\/comments?post=20570"}],"wp:featuredmedia":[{"embeddable":true,"href":"https:\/\/yonderhillfarm.ca\/fr\/wp-json\/wp\/v2\/media\/20573"}],"wp:attachment":[{"href":"https:\/\/yonderhillfarm.ca\/fr\/wp-json\/wp\/v2\/media?parent=20570"}],"wp:term":[{"taxonomy":"product_brand","embeddable":true,"href":"https:\/\/yonderhillfarm.ca\/fr\/wp-json\/wp\/v2\/product_brand?post=20570"},{"taxonomy":"product_cat","embeddable":true,"href":"https:\/\/yonderhillfarm.ca\/fr\/wp-json\/wp\/v2\/product_cat?post=20570"},{"taxonomy":"product_tag","embeddable":true,"href":"https:\/\/yonderhillfarm.ca\/fr\/wp-json\/wp\/v2\/product_tag?post=20570"}],"curies":[{"name":"wp","href":"https:\/\/api.w.org\/{rel}","templated":true}]}}