{"id":20569,"date":"2025-05-05T18:37:19","date_gmt":"2025-05-05T18:37:19","guid":{"rendered":"https:\/\/yonderhillfarm.ca\/shop\/non%20class\u00e9\/courgette-doree\/"},"modified":"2026-01-20T15:30:31","modified_gmt":"2026-01-20T19:30:31","slug":"courgette-doree","status":"publish","type":"product","link":"https:\/\/yonderhillfarm.ca\/fr\/shop\/graines-legumes-cereales\/courges-ete-courgettes\/courgette-doree\/","title":{"rendered":"Courgette dor\u00e9e"},"content":{"rendered":"<p><em>(C. pepo)<\/em> Les vignes touffues produisent des courgettes jaunes de 30 \u00e0 60 cm, parfois avec des extr\u00e9mit\u00e9s vertes ray\u00e9es. La courgette dor\u00e9e reste tendre m\u00eame lorsqu&rsquo;elle est grosse, mais elle est aussi excellente cueillie comme jeune courge. <\/p>\n<p><strong><em>Environ 12 graines par sachet. <\/em><\/strong><\/p>\n","protected":false},"excerpt":{"rendered":"<p>(C. pepo) Les vignes touffues produisent des courgettes jaunes de 30 \u00e0 60 cm, parfois avec des extr\u00e9mit\u00e9s vertes ray\u00e9es. La courgette dor\u00e9e reste tendre m\u00eame lorsqu&rsquo;elle est grosse, mais elle est aussi excellente cueillie comme jeune courge. Environ 12 graines par sachet.<\/p>\n","protected":false},"featured_media":15754,"comment_status":"closed","ping_status":"closed","template":"","meta":[],"product_brand":[],"product_cat":[182],"product_tag":[],"class_list":{"0":"post-20569","1":"product","2":"type-product","3":"status-publish","4":"has-post-thumbnail","6":"product_cat-courges-ete-courgettes","7":"product_shipping_class-graines","9":"first","10":"instock","11":"taxable","12":"shipping-taxable","13":"purchasable","14":"product-type-simple"},"_links":{"self":[{"href":"https:\/\/yonderhillfarm.ca\/fr\/wp-json\/wp\/v2\/product\/20569","targetHints":{"allow":["GET"]}}],"collection":[{"href":"https:\/\/yonderhillfarm.ca\/fr\/wp-json\/wp\/v2\/product"}],"about":[{"href":"https:\/\/yonderhillfarm.ca\/fr\/wp-json\/wp\/v2\/types\/product"}],"replies":[{"embeddable":true,"href":"https:\/\/yonderhillfarm.ca\/fr\/wp-json\/wp\/v2\/comments?post=20569"}],"wp:featuredmedia":[{"embeddable":true,"href":"https:\/\/yonderhillfarm.ca\/fr\/wp-json\/wp\/v2\/media\/15754"}],"wp:attachment":[{"href":"https:\/\/yonderhillfarm.ca\/fr\/wp-json\/wp\/v2\/media?parent=20569"}],"wp:term":[{"taxonomy":"product_brand","embeddable":true,"href":"https:\/\/yonderhillfarm.ca\/fr\/wp-json\/wp\/v2\/product_brand?post=20569"},{"taxonomy":"product_cat","embeddable":true,"href":"https:\/\/yonderhillfarm.ca\/fr\/wp-json\/wp\/v2\/product_cat?post=20569"},{"taxonomy":"product_tag","embeddable":true,"href":"https:\/\/yonderhillfarm.ca\/fr\/wp-json\/wp\/v2\/product_tag?post=20569"}],"curies":[{"name":"wp","href":"https:\/\/api.w.org\/{rel}","templated":true}]}}