{"id":20561,"date":"2025-05-05T18:36:40","date_gmt":"2025-05-05T18:36:40","guid":{"rendered":"https:\/\/yonderhillfarm.ca\/shop\/non%20class\u00e9\/betterave-lutz-a-feuilles-vertes\/"},"modified":"2026-01-02T21:17:10","modified_gmt":"2026-01-03T01:17:10","slug":"betterave-lutz-a-feuilles-vertes","status":"publish","type":"product","link":"https:\/\/yonderhillfarm.ca\/fr\/shop\/graines-legumes-cereales\/plantes-racines\/betteraves\/betterave-lutz-a-feuilles-vertes\/","title":{"rendered":"Betterave Lutz \u00e0 feuilles vertes"},"content":{"rendered":"<p>La meilleure betterave pour l&rsquo;entreposage hivernal, la betterave lutz \u00e0 feuilles vertes est robuste et effil\u00e9e, avec une chair rouge fine. Les feuilles vertes et solides sont \u00e9galement excellentes comme l\u00e9gumes verts d&rsquo;\u00e9t\u00e9. Nous avons commenc\u00e9 \u00e0 cultiver cette semence en collaboration avec les producteurs du march\u00e9 local Cindy et David de Pleasant Hill Farm. Ils cherchaient une source locale et fiable pour leur vari\u00e9t\u00e9 de betterave pr\u00e9f\u00e9r\u00e9e. Cindy et David ont donc s\u00e9lectionn\u00e9 leurs meilleures betteraves hivern\u00e9es pour que nous les cultivions pour les semences, et nous avons pris le relais \u00e0 partir de l\u00e0.    <\/p>\n<p>Nous avons \u00e9t\u00e9 impressionn\u00e9s ann\u00e9e apr\u00e8s ann\u00e9e par la performance de cette vari\u00e9t\u00e9 de betterave dans le jardin &#8211; elle a une racine pivotante profonde, ce qui semble l&rsquo;aider \u00e0 extraire les min\u00e9raux dont elle a besoin pour vraiment prosp\u00e9rer. M\u00eame pendant les ann\u00e9es s\u00e8ches, elle peut acc\u00e9der \u00e0 l&rsquo;humidit\u00e9 pour se repulper ! <\/p>\n<p><strong><em>Environ 50 graines par paquet standard. <\/em><\/strong><\/p>\n<p><em><strong>Environ 500 graines par grand sachet. <\/strong><\/em><\/p>\n","protected":false},"excerpt":{"rendered":"<p>La meilleure betterave pour l&rsquo;entreposage hivernal, la betterave lutz \u00e0 feuilles vertes est robuste et effil\u00e9e, avec une chair rouge fine. Les feuilles vertes et solides sont \u00e9galement excellentes comme l\u00e9gumes verts d&rsquo;\u00e9t\u00e9. Nous avons commenc\u00e9 \u00e0 cultiver cette semence en collaboration avec les producteurs du march\u00e9 local Cindy et David de Pleasant Hill Farm. [&hellip;]<\/p>\n","protected":false},"featured_media":20564,"comment_status":"closed","ping_status":"closed","template":"","meta":[],"product_brand":[],"product_cat":[221,137,176],"product_tag":[187],"class_list":{"0":"post-20561","1":"product","2":"type-product","3":"status-publish","4":"has-post-thumbnail","6":"product_cat-betteraves","7":"product_cat-graines-en-vrac","8":"product_cat-varietes-anciennes","9":"product_tag-les-favoris-de-la-ferme","10":"product_shipping_class-graines","12":"first","13":"instock","14":"taxable","15":"shipping-taxable","16":"purchasable","17":"product-type-variable"},"_links":{"self":[{"href":"https:\/\/yonderhillfarm.ca\/fr\/wp-json\/wp\/v2\/product\/20561","targetHints":{"allow":["GET"]}}],"collection":[{"href":"https:\/\/yonderhillfarm.ca\/fr\/wp-json\/wp\/v2\/product"}],"about":[{"href":"https:\/\/yonderhillfarm.ca\/fr\/wp-json\/wp\/v2\/types\/product"}],"replies":[{"embeddable":true,"href":"https:\/\/yonderhillfarm.ca\/fr\/wp-json\/wp\/v2\/comments?post=20561"}],"wp:featuredmedia":[{"embeddable":true,"href":"https:\/\/yonderhillfarm.ca\/fr\/wp-json\/wp\/v2\/media\/20564"}],"wp:attachment":[{"href":"https:\/\/yonderhillfarm.ca\/fr\/wp-json\/wp\/v2\/media?parent=20561"}],"wp:term":[{"taxonomy":"product_brand","embeddable":true,"href":"https:\/\/yonderhillfarm.ca\/fr\/wp-json\/wp\/v2\/product_brand?post=20561"},{"taxonomy":"product_cat","embeddable":true,"href":"https:\/\/yonderhillfarm.ca\/fr\/wp-json\/wp\/v2\/product_cat?post=20561"},{"taxonomy":"product_tag","embeddable":true,"href":"https:\/\/yonderhillfarm.ca\/fr\/wp-json\/wp\/v2\/product_tag?post=20561"}],"curies":[{"name":"wp","href":"https:\/\/api.w.org\/{rel}","templated":true}]}}