{"id":20560,"date":"2025-05-05T18:37:19","date_gmt":"2025-05-05T18:37:19","guid":{"rendered":"https:\/\/yonderhillfarm.ca\/shop\/non%20class\u00e9\/courgette-costata-romanesca\/"},"modified":"2026-01-02T21:46:37","modified_gmt":"2026-01-03T01:46:37","slug":"courgette-costata-romanesca","status":"publish","type":"product","link":"https:\/\/yonderhillfarm.ca\/fr\/shop\/graines-legumes-cereales\/courges-ete-courgettes\/courgette-costata-romanesca\/","title":{"rendered":"Courgette Costata Romanesca"},"content":{"rendered":"<p><em>(C. pepo)<\/em> Courgette ray\u00e9e productive et fiable sur des vignes touffues. Les courgettes Costata Romanesca peuvent devenir grosses rapidement, mais restent tendres et juteuses avec des graines non d\u00e9velopp\u00e9es jusqu&rsquo;\u00e0 30 cm de long. Les fleurs surdimensionn\u00e9es sont parfaites pour \u00eatre farcies&nbsp;!  <\/p>\n<p><strong><em>Environ 12 graines par sachet standard. <\/em><\/strong><\/p>\n<p><em><strong>Environ 120 graines par grand sachet. <\/strong><\/em><\/p>\n","protected":false},"excerpt":{"rendered":"<p>(C. pepo) Courgette ray\u00e9e productive et fiable sur des vignes touffues. Les courgettes Costata Romanesca peuvent devenir grosses rapidement, mais restent tendres et juteuses avec des graines non d\u00e9velopp\u00e9es jusqu&rsquo;\u00e0 30 cm de long. Les fleurs surdimensionn\u00e9es sont parfaites pour \u00eatre farcies&nbsp;! Environ 12 graines par sachet standard. Environ 120 graines par grand sachet.<\/p>\n","protected":false},"featured_media":20562,"comment_status":"closed","ping_status":"closed","template":"","meta":[],"product_brand":[],"product_cat":[182,137,176],"product_tag":[201,187],"class_list":{"0":"post-20560","1":"product","2":"type-product","3":"status-publish","4":"has-post-thumbnail","6":"product_cat-courges-ete-courgettes","7":"product_cat-graines-en-vrac","8":"product_cat-varietes-anciennes","9":"product_tag-graines","10":"product_tag-les-favoris-de-la-ferme","11":"product_shipping_class-graines","13":"first","14":"instock","15":"taxable","16":"shipping-taxable","17":"purchasable","18":"product-type-variable"},"_links":{"self":[{"href":"https:\/\/yonderhillfarm.ca\/fr\/wp-json\/wp\/v2\/product\/20560","targetHints":{"allow":["GET"]}}],"collection":[{"href":"https:\/\/yonderhillfarm.ca\/fr\/wp-json\/wp\/v2\/product"}],"about":[{"href":"https:\/\/yonderhillfarm.ca\/fr\/wp-json\/wp\/v2\/types\/product"}],"replies":[{"embeddable":true,"href":"https:\/\/yonderhillfarm.ca\/fr\/wp-json\/wp\/v2\/comments?post=20560"}],"wp:featuredmedia":[{"embeddable":true,"href":"https:\/\/yonderhillfarm.ca\/fr\/wp-json\/wp\/v2\/media\/20562"}],"wp:attachment":[{"href":"https:\/\/yonderhillfarm.ca\/fr\/wp-json\/wp\/v2\/media?parent=20560"}],"wp:term":[{"taxonomy":"product_brand","embeddable":true,"href":"https:\/\/yonderhillfarm.ca\/fr\/wp-json\/wp\/v2\/product_brand?post=20560"},{"taxonomy":"product_cat","embeddable":true,"href":"https:\/\/yonderhillfarm.ca\/fr\/wp-json\/wp\/v2\/product_cat?post=20560"},{"taxonomy":"product_tag","embeddable":true,"href":"https:\/\/yonderhillfarm.ca\/fr\/wp-json\/wp\/v2\/product_tag?post=20560"}],"curies":[{"name":"wp","href":"https:\/\/api.w.org\/{rel}","templated":true}]}}