{"id":20556,"date":"2025-05-05T18:37:19","date_gmt":"2025-05-05T18:37:19","guid":{"rendered":"https:\/\/yonderhillfarm.ca\/shop\/non%20class\u00e9\/patisson-vert-nuance-de-benning\/"},"modified":"2026-01-02T21:48:58","modified_gmt":"2026-01-03T01:48:58","slug":"patisson-vert-nuance-de-benning","status":"publish","type":"product","link":"https:\/\/yonderhillfarm.ca\/fr\/shop\/graines-legumes-cereales\/courges-ete-courgettes\/patisson-vert-nuance-de-benning\/","title":{"rendered":"P\u00e2tisson Vert Nuanc\u00e9 de Benning"},"content":{"rendered":"<p><em>(C. pepo)<\/em> La courge pan Patty Pan Benning&rsquo;s Green Tint est une courge d&rsquo;\u00e9t\u00e9 impressionnante pour le jardin familial. Des vignes tr\u00e8s productives de 90 cm de long produisent une multitude de petites courges vertes, assez grosses pour \u00eatre consomm\u00e9es un jour ou deux apr\u00e8s la floraison. Surpasse de loin les courgettes en termes de production. Les fruits blanchissent en grossissant, et commencent alors \u00e0 perdre de leur tendret\u00e9. Les gros fruits sont de magnifiques ajouts aux pr\u00e9sentations d&rsquo;automne.    <\/p>\n<p><strong><em>Environ 15 graines par sachet. <\/em><\/strong><\/p>\n","protected":false},"excerpt":{"rendered":"<p>(C. pepo) La courge pan Patty Pan Benning&rsquo;s Green Tint est une courge d&rsquo;\u00e9t\u00e9 impressionnante pour le jardin familial. Des vignes tr\u00e8s productives de 90 cm de long produisent une multitude de petites courges vertes, assez grosses pour \u00eatre consomm\u00e9es un jour ou deux apr\u00e8s la floraison. Surpasse de loin les courgettes en termes de [&hellip;]<\/p>\n","protected":false},"featured_media":20558,"comment_status":"closed","ping_status":"closed","template":"","meta":[],"product_brand":[],"product_cat":[182,176],"product_tag":[],"class_list":{"0":"post-20556","1":"product","2":"type-product","3":"status-publish","4":"has-post-thumbnail","6":"product_cat-courges-ete-courgettes","7":"product_cat-varietes-anciennes","8":"product_shipping_class-graines","10":"first","11":"instock","12":"taxable","13":"shipping-taxable","14":"purchasable","15":"product-type-simple"},"_links":{"self":[{"href":"https:\/\/yonderhillfarm.ca\/fr\/wp-json\/wp\/v2\/product\/20556","targetHints":{"allow":["GET"]}}],"collection":[{"href":"https:\/\/yonderhillfarm.ca\/fr\/wp-json\/wp\/v2\/product"}],"about":[{"href":"https:\/\/yonderhillfarm.ca\/fr\/wp-json\/wp\/v2\/types\/product"}],"replies":[{"embeddable":true,"href":"https:\/\/yonderhillfarm.ca\/fr\/wp-json\/wp\/v2\/comments?post=20556"}],"wp:featuredmedia":[{"embeddable":true,"href":"https:\/\/yonderhillfarm.ca\/fr\/wp-json\/wp\/v2\/media\/20558"}],"wp:attachment":[{"href":"https:\/\/yonderhillfarm.ca\/fr\/wp-json\/wp\/v2\/media?parent=20556"}],"wp:term":[{"taxonomy":"product_brand","embeddable":true,"href":"https:\/\/yonderhillfarm.ca\/fr\/wp-json\/wp\/v2\/product_brand?post=20556"},{"taxonomy":"product_cat","embeddable":true,"href":"https:\/\/yonderhillfarm.ca\/fr\/wp-json\/wp\/v2\/product_cat?post=20556"},{"taxonomy":"product_tag","embeddable":true,"href":"https:\/\/yonderhillfarm.ca\/fr\/wp-json\/wp\/v2\/product_tag?post=20556"}],"curies":[{"name":"wp","href":"https:\/\/api.w.org\/{rel}","templated":true}]}}