{"id":20555,"date":"2025-05-05T18:38:08","date_gmt":"2025-05-05T18:38:08","guid":{"rendered":"https:\/\/yonderhillfarm.ca\/shop\/non%20class\u00e9\/citrouille-connecticut-field\/"},"modified":"2026-01-03T12:42:47","modified_gmt":"2026-01-03T16:42:47","slug":"citrouille-connecticut-field","status":"publish","type":"product","link":"https:\/\/yonderhillfarm.ca\/fr\/shop\/graines-legumes-cereales\/courges-dhiver-et-citrouilles\/citrouille-connecticut-field\/","title":{"rendered":"Citrouille Connecticut Field"},"content":{"rendered":"<p><em>(C. pepo) <\/em>L&rsquo;une des plus anciennes vari\u00e9t\u00e9s de citrouilles. La citrouille Connecticut Field est une souche g\u00e9n\u00e9tiquement diversifi\u00e9e cultiv\u00e9e par les Premi\u00e8res Nations de Nouvelle-Angleterre et adopt\u00e9e par les premiers colons de Nouvelle-Angleterre dans les ann\u00e9es 1700. Historiquement, la chair \u00e9tait coup\u00e9e en tranches et s\u00e9ch\u00e9e pour \u00eatre utilis\u00e9e en hiver. De nos jours, elle est principalement cultiv\u00e9e pour les lanternes d&rsquo;Halloween et le fourrage animal. Ces producteurs vigoureux et fiables ont plus de caract\u00e8re et de variation que votre citrouille d&rsquo;Halloween moyenne. La taille et la forme des fruits varient, les enfants les adorent&nbsp;! Faciles \u00e0 cultiver, elles font aussi une soupe ou des muffins d\u00e9cents si la chair filandreuse est r\u00e9duite en pur\u00e9e.     <\/p>\n<p><strong><em>Environ 15 graines par sachet. <\/em><\/strong><\/p>\n","protected":false},"excerpt":{"rendered":"<p>(C. pepo) L&rsquo;une des plus anciennes vari\u00e9t\u00e9s de citrouilles. La citrouille Connecticut Field est une souche g\u00e9n\u00e9tiquement diversifi\u00e9e cultiv\u00e9e par les Premi\u00e8res Nations de Nouvelle-Angleterre et adopt\u00e9e par les premiers colons de Nouvelle-Angleterre dans les ann\u00e9es 1700. Historiquement, la chair \u00e9tait coup\u00e9e en tranches et s\u00e9ch\u00e9e pour \u00eatre utilis\u00e9e en hiver. De nos jours, elle [&hellip;]<\/p>\n","protected":false},"featured_media":20210,"comment_status":"closed","ping_status":"closed","template":"","meta":[],"product_brand":[],"product_cat":[185,176],"product_tag":[],"class_list":{"0":"post-20555","1":"product","2":"type-product","3":"status-publish","4":"has-post-thumbnail","6":"product_cat-courges-dhiver-et-citrouilles","7":"product_cat-varietes-anciennes","8":"product_shipping_class-graines","10":"first","11":"instock","12":"taxable","13":"shipping-taxable","14":"purchasable","15":"product-type-simple"},"_links":{"self":[{"href":"https:\/\/yonderhillfarm.ca\/fr\/wp-json\/wp\/v2\/product\/20555","targetHints":{"allow":["GET"]}}],"collection":[{"href":"https:\/\/yonderhillfarm.ca\/fr\/wp-json\/wp\/v2\/product"}],"about":[{"href":"https:\/\/yonderhillfarm.ca\/fr\/wp-json\/wp\/v2\/types\/product"}],"replies":[{"embeddable":true,"href":"https:\/\/yonderhillfarm.ca\/fr\/wp-json\/wp\/v2\/comments?post=20555"}],"wp:featuredmedia":[{"embeddable":true,"href":"https:\/\/yonderhillfarm.ca\/fr\/wp-json\/wp\/v2\/media\/20210"}],"wp:attachment":[{"href":"https:\/\/yonderhillfarm.ca\/fr\/wp-json\/wp\/v2\/media?parent=20555"}],"wp:term":[{"taxonomy":"product_brand","embeddable":true,"href":"https:\/\/yonderhillfarm.ca\/fr\/wp-json\/wp\/v2\/product_brand?post=20555"},{"taxonomy":"product_cat","embeddable":true,"href":"https:\/\/yonderhillfarm.ca\/fr\/wp-json\/wp\/v2\/product_cat?post=20555"},{"taxonomy":"product_tag","embeddable":true,"href":"https:\/\/yonderhillfarm.ca\/fr\/wp-json\/wp\/v2\/product_tag?post=20555"}],"curies":[{"name":"wp","href":"https:\/\/api.w.org\/{rel}","templated":true}]}}