{"id":20552,"date":"2025-05-05T18:37:19","date_gmt":"2025-05-05T18:37:19","guid":{"rendered":"https:\/\/yonderhillfarm.ca\/shop\/non%20class\u00e9\/potimarron-sucre-petit\/"},"modified":"2026-01-03T13:00:52","modified_gmt":"2026-01-03T17:00:52","slug":"potimarron-sucre-petit","status":"publish","type":"product","link":"https:\/\/yonderhillfarm.ca\/fr\/shop\/graines-legumes-cereales\/courges-dhiver-et-citrouilles\/potimarron-sucre-petit\/","title":{"rendered":"Potimarron Sucr\u00e9 Petit"},"content":{"rendered":"<p><em>(C. pepo) <\/em>\u00c9galement connue sous le nom de New England Pie Pumpkin. La petite citrouille \u00e0 sucre est la petite citrouille \u00e0 tarte classique depuis des g\u00e9n\u00e9rations, cultiv\u00e9e par les colons de la Nouvelle-Angleterre pour sa douceur et son uniformit\u00e9 \u00e0 partir de la Connecticut Field Pumpkin. La moiti\u00e9 d&rsquo;une citrouille suffit pour une tarte de 23 cm.  <\/p>\n<p><strong><em>Environ 15 graines par sachet. <\/em><\/strong><\/p>\n","protected":false},"excerpt":{"rendered":"<p>(C. pepo) \u00c9galement connue sous le nom de New England Pie Pumpkin. La petite citrouille \u00e0 sucre est la petite citrouille \u00e0 tarte classique depuis des g\u00e9n\u00e9rations, cultiv\u00e9e par les colons de la Nouvelle-Angleterre pour sa douceur et son uniformit\u00e9 \u00e0 partir de la Connecticut Field Pumpkin. La moiti\u00e9 d&rsquo;une citrouille suffit pour une tarte [&hellip;]<\/p>\n","protected":false},"featured_media":20553,"comment_status":"closed","ping_status":"closed","template":"","meta":[],"product_brand":[],"product_cat":[185,176],"product_tag":[],"class_list":{"0":"post-20552","1":"product","2":"type-product","3":"status-publish","4":"has-post-thumbnail","6":"product_cat-courges-dhiver-et-citrouilles","7":"product_cat-varietes-anciennes","8":"product_shipping_class-graines","10":"first","11":"instock","12":"taxable","13":"shipping-taxable","14":"purchasable","15":"product-type-simple"},"_links":{"self":[{"href":"https:\/\/yonderhillfarm.ca\/fr\/wp-json\/wp\/v2\/product\/20552","targetHints":{"allow":["GET"]}}],"collection":[{"href":"https:\/\/yonderhillfarm.ca\/fr\/wp-json\/wp\/v2\/product"}],"about":[{"href":"https:\/\/yonderhillfarm.ca\/fr\/wp-json\/wp\/v2\/types\/product"}],"replies":[{"embeddable":true,"href":"https:\/\/yonderhillfarm.ca\/fr\/wp-json\/wp\/v2\/comments?post=20552"}],"wp:featuredmedia":[{"embeddable":true,"href":"https:\/\/yonderhillfarm.ca\/fr\/wp-json\/wp\/v2\/media\/20553"}],"wp:attachment":[{"href":"https:\/\/yonderhillfarm.ca\/fr\/wp-json\/wp\/v2\/media?parent=20552"}],"wp:term":[{"taxonomy":"product_brand","embeddable":true,"href":"https:\/\/yonderhillfarm.ca\/fr\/wp-json\/wp\/v2\/product_brand?post=20552"},{"taxonomy":"product_cat","embeddable":true,"href":"https:\/\/yonderhillfarm.ca\/fr\/wp-json\/wp\/v2\/product_cat?post=20552"},{"taxonomy":"product_tag","embeddable":true,"href":"https:\/\/yonderhillfarm.ca\/fr\/wp-json\/wp\/v2\/product_tag?post=20552"}],"curies":[{"name":"wp","href":"https:\/\/api.w.org\/{rel}","templated":true}]}}