{"id":20551,"date":"2025-05-05T18:38:08","date_gmt":"2025-05-05T21:38:08","guid":{"rendered":"https:\/\/yonderhillfarm.ca\/shop\/non%20class\u00e9\/courge-poivree-paydon\/"},"modified":"2026-01-20T15:31:12","modified_gmt":"2026-01-20T19:31:12","slug":"courge-poivree-paydon","status":"publish","type":"product","link":"https:\/\/yonderhillfarm.ca\/fr\/shop\/graines-legumes-cereales\/courges-dhiver-et-citrouilles\/courge-poivree-paydon\/","title":{"rendered":"Courge poivr\u00e9e Paydon"},"content":{"rendered":"<p><em>(C. pepo) <\/em>Une courge gland rare, grande et beige, avec la plus exquise des saveurs de noisette&nbsp;! La courge gland Paydon est plus sucr\u00e9e et a plus de go\u00fbt de noisette que toutes les autres courges glands que nous avons cultiv\u00e9es. Les fruits passent d\u2019un beige mouchet\u00e9 \u00e0 jaune pendant le stockage. Vignes vigoureuses. Maintenue en Louisiane depuis des g\u00e9n\u00e9rations, notre vari\u00e9t\u00e9 de Paydon est plus pr\u00e9coce pour la nouaison que la vari\u00e9t\u00e9 m\u00e9ridionale d\u2019origine gr\u00e2ce \u00e0 l\u2019adaptation et \u00e0 la s\u00e9lection \u00e0 la ferme, ce qui fait de la n\u00f4tre une courge gland exclusive de la ferme.   <\/p>\n<p><strong><em>Environ 15 graines par sachet. <\/em><\/strong><\/p>\n","protected":false},"excerpt":{"rendered":"<p>(C. pepo) Une courge gland rare, grande et beige, avec la plus exquise des saveurs de noisette&nbsp;! La courge gland Paydon est plus sucr\u00e9e et a plus de go\u00fbt de noisette que toutes les autres courges glands que nous avons cultiv\u00e9es. Les fruits passent d\u2019un beige mouchet\u00e9 \u00e0 jaune pendant le stockage. Vignes vigoureuses. Maintenue [&hellip;]<\/p>\n","protected":false},"featured_media":20201,"comment_status":"closed","ping_status":"closed","template":"","meta":[],"product_brand":[],"product_cat":[185,176],"product_tag":[],"class_list":{"0":"post-20551","1":"product","2":"type-product","3":"status-publish","4":"has-post-thumbnail","6":"product_cat-courges-dhiver-et-citrouilles","7":"product_cat-varietes-anciennes","8":"product_shipping_class-graines","10":"first","11":"outofstock","12":"taxable","13":"shipping-taxable","14":"purchasable","15":"product-type-simple"},"_links":{"self":[{"href":"https:\/\/yonderhillfarm.ca\/fr\/wp-json\/wp\/v2\/product\/20551","targetHints":{"allow":["GET"]}}],"collection":[{"href":"https:\/\/yonderhillfarm.ca\/fr\/wp-json\/wp\/v2\/product"}],"about":[{"href":"https:\/\/yonderhillfarm.ca\/fr\/wp-json\/wp\/v2\/types\/product"}],"replies":[{"embeddable":true,"href":"https:\/\/yonderhillfarm.ca\/fr\/wp-json\/wp\/v2\/comments?post=20551"}],"wp:featuredmedia":[{"embeddable":true,"href":"https:\/\/yonderhillfarm.ca\/fr\/wp-json\/wp\/v2\/media\/20201"}],"wp:attachment":[{"href":"https:\/\/yonderhillfarm.ca\/fr\/wp-json\/wp\/v2\/media?parent=20551"}],"wp:term":[{"taxonomy":"product_brand","embeddable":true,"href":"https:\/\/yonderhillfarm.ca\/fr\/wp-json\/wp\/v2\/product_brand?post=20551"},{"taxonomy":"product_cat","embeddable":true,"href":"https:\/\/yonderhillfarm.ca\/fr\/wp-json\/wp\/v2\/product_cat?post=20551"},{"taxonomy":"product_tag","embeddable":true,"href":"https:\/\/yonderhillfarm.ca\/fr\/wp-json\/wp\/v2\/product_tag?post=20551"}],"curies":[{"name":"wp","href":"https:\/\/api.w.org\/{rel}","templated":true}]}}