{"id":20546,"date":"2025-05-05T18:37:45","date_gmt":"2025-05-05T18:37:45","guid":{"rendered":"https:\/\/yonderhillfarm.ca\/shop\/non%20class\u00e9\/citrouille-kakai\/"},"modified":"2026-01-03T12:56:11","modified_gmt":"2026-01-03T16:56:11","slug":"citrouille-kakai","status":"publish","type":"product","link":"https:\/\/yonderhillfarm.ca\/fr\/shop\/graines-legumes-cereales\/courges-dhiver-et-citrouilles\/citrouille-kakai\/","title":{"rendered":"Citrouille Kakai"},"content":{"rendered":"<p><em>(C. pepo) <\/em>Les citrouilles Kaka\u00ef produisent des graines sans enveloppe, de couleur vert fonc\u00e9, riches en huile et d\u00e9licieuses lorsqu&rsquo;elles sont grill\u00e9es. Les plants sont vigoureux et produisent de nombreuses citrouilles vertes et orange magnifiquement ray\u00e9es. La chair est comestible, mais pas de qualit\u00e9 de table. <strong><em>Rupture de stock pour 2026 &#8211; vous aimerez peut-\u00eatre essayer <a href=\"https:\/\/yonderhillfarm.ca\/product\/lady-godiva-pumpkin\/\">Lady Godiva.<\/a><\/em><\/strong>  <\/p>\n<p><em><strong>Environ 12 graines par sachet. <\/strong><\/em><\/p>\n","protected":false},"excerpt":{"rendered":"<p>(C. pepo) Les citrouilles Kaka\u00ef produisent des graines sans enveloppe, de couleur vert fonc\u00e9, riches en huile et d\u00e9licieuses lorsqu&rsquo;elles sont grill\u00e9es. Les plants sont vigoureux et produisent de nombreuses citrouilles vertes et orange magnifiquement ray\u00e9es. La chair est comestible, mais pas de qualit\u00e9 de table. Rupture de stock pour 2026 &#8211; vous aimerez peut-\u00eatre [&hellip;]<\/p>\n","protected":false},"featured_media":20548,"comment_status":"closed","ping_status":"closed","template":"","meta":[],"product_brand":[],"product_cat":[185],"product_tag":[],"class_list":{"0":"post-20546","1":"product","2":"type-product","3":"status-publish","4":"has-post-thumbnail","6":"product_cat-courges-dhiver-et-citrouilles","7":"product_shipping_class-graines","9":"first","10":"outofstock","11":"taxable","12":"shipping-taxable","13":"purchasable","14":"product-type-simple"},"_links":{"self":[{"href":"https:\/\/yonderhillfarm.ca\/fr\/wp-json\/wp\/v2\/product\/20546","targetHints":{"allow":["GET"]}}],"collection":[{"href":"https:\/\/yonderhillfarm.ca\/fr\/wp-json\/wp\/v2\/product"}],"about":[{"href":"https:\/\/yonderhillfarm.ca\/fr\/wp-json\/wp\/v2\/types\/product"}],"replies":[{"embeddable":true,"href":"https:\/\/yonderhillfarm.ca\/fr\/wp-json\/wp\/v2\/comments?post=20546"}],"wp:featuredmedia":[{"embeddable":true,"href":"https:\/\/yonderhillfarm.ca\/fr\/wp-json\/wp\/v2\/media\/20548"}],"wp:attachment":[{"href":"https:\/\/yonderhillfarm.ca\/fr\/wp-json\/wp\/v2\/media?parent=20546"}],"wp:term":[{"taxonomy":"product_brand","embeddable":true,"href":"https:\/\/yonderhillfarm.ca\/fr\/wp-json\/wp\/v2\/product_brand?post=20546"},{"taxonomy":"product_cat","embeddable":true,"href":"https:\/\/yonderhillfarm.ca\/fr\/wp-json\/wp\/v2\/product_cat?post=20546"},{"taxonomy":"product_tag","embeddable":true,"href":"https:\/\/yonderhillfarm.ca\/fr\/wp-json\/wp\/v2\/product_tag?post=20546"}],"curies":[{"name":"wp","href":"https:\/\/api.w.org\/{rel}","templated":true}]}}