{"id":20542,"date":"2025-05-05T18:38:08","date_gmt":"2025-05-05T18:38:08","guid":{"rendered":"https:\/\/yonderhillfarm.ca\/shop\/non%20class\u00e9\/courge-sweet-dumpling\/"},"modified":"2026-01-20T15:33:16","modified_gmt":"2026-01-20T19:33:16","slug":"courge-sweet-dumpling","status":"publish","type":"product","link":"https:\/\/yonderhillfarm.ca\/fr\/shop\/graines-legumes-cereales\/courges-dhiver-et-citrouilles\/courge-sweet-dumpling\/","title":{"rendered":"Courge Sweet Dumpling"},"content":{"rendered":"<p><em>(C. pepo) <\/em>De petites courges dumpling sucr\u00e9es, profond\u00e9ment c\u00f4tel\u00e9es, sont produites en tr\u00e8s grande quantit\u00e9 sur des vignes compactes. Chair sucr\u00e9e, moelleuse et s\u00e8che avec une saveur de noisette comme des ch\u00e2taignes grill\u00e9es&nbsp;! La peau est \u00e9galement assez tendre pour \u00eatre consomm\u00e9e. Un bon choix pour les petits jardins.   <\/p>\n<p><strong><em>Environ 15 graines par sachet. <\/em><\/strong><\/p>\n","protected":false},"excerpt":{"rendered":"<p>(C. pepo) De petites courges dumpling sucr\u00e9es, profond\u00e9ment c\u00f4tel\u00e9es, sont produites en tr\u00e8s grande quantit\u00e9 sur des vignes compactes. Chair sucr\u00e9e, moelleuse et s\u00e8che avec une saveur de noisette comme des ch\u00e2taignes grill\u00e9es&nbsp;! La peau est \u00e9galement assez tendre pour \u00eatre consomm\u00e9e. Un bon choix pour les petits jardins. Environ 15 graines par sachet.<\/p>\n","protected":false},"featured_media":20213,"comment_status":"closed","ping_status":"closed","template":"","meta":[],"product_brand":[],"product_cat":[185,176],"product_tag":[],"class_list":{"0":"post-20542","1":"product","2":"type-product","3":"status-publish","4":"has-post-thumbnail","6":"product_cat-courges-dhiver-et-citrouilles","7":"product_cat-varietes-anciennes","8":"product_shipping_class-graines","10":"first","11":"instock","12":"taxable","13":"shipping-taxable","14":"purchasable","15":"product-type-simple"},"_links":{"self":[{"href":"https:\/\/yonderhillfarm.ca\/fr\/wp-json\/wp\/v2\/product\/20542","targetHints":{"allow":["GET"]}}],"collection":[{"href":"https:\/\/yonderhillfarm.ca\/fr\/wp-json\/wp\/v2\/product"}],"about":[{"href":"https:\/\/yonderhillfarm.ca\/fr\/wp-json\/wp\/v2\/types\/product"}],"replies":[{"embeddable":true,"href":"https:\/\/yonderhillfarm.ca\/fr\/wp-json\/wp\/v2\/comments?post=20542"}],"wp:featuredmedia":[{"embeddable":true,"href":"https:\/\/yonderhillfarm.ca\/fr\/wp-json\/wp\/v2\/media\/20213"}],"wp:attachment":[{"href":"https:\/\/yonderhillfarm.ca\/fr\/wp-json\/wp\/v2\/media?parent=20542"}],"wp:term":[{"taxonomy":"product_brand","embeddable":true,"href":"https:\/\/yonderhillfarm.ca\/fr\/wp-json\/wp\/v2\/product_brand?post=20542"},{"taxonomy":"product_cat","embeddable":true,"href":"https:\/\/yonderhillfarm.ca\/fr\/wp-json\/wp\/v2\/product_cat?post=20542"},{"taxonomy":"product_tag","embeddable":true,"href":"https:\/\/yonderhillfarm.ca\/fr\/wp-json\/wp\/v2\/product_tag?post=20542"}],"curies":[{"name":"wp","href":"https:\/\/api.w.org\/{rel}","templated":true}]}}